{"id":11779,"date":"2013-03-15T12:36:27","date_gmt":"2013-03-15T12:36:27","guid":{"rendered":"https:\/\/construction.vamtam.com\/?page_id=4"},"modified":"2021-02-04T17:01:10","modified_gmt":"2021-02-04T16:01:10","slug":"aplt-stavebna-cinnost","status":"publish","type":"page","link":"https:\/\/www.aplt.sk\/index.php\/aplt-stavebna-cinnost\/","title":{"rendered":"STAVEBN\u00c1 \u010cINNOS\u0164"},"content":{"rendered":"<div class=\"limit-wrapper\"><div class=\"row \"><div class=\"wpv-grid grid-1-1 move-into-slider wpv-first-level first unextended has-extended-padding\" style=\"padding-top:0.05px;padding-bottom:40px;\" id=\"wpv-column-e1de86ec08544b00076dcf6b1b457ffe\" ><div class=\"row \"><div class=\"wpv-grid grid-1-1  first unextended no-extended-padding\" style=\"padding-top:0.05px;padding-bottom:0.05px;\" id=\"wpv-column-613d6c640d4e911dc822e3f8b643ee0a\" ><p><img loading=\"lazy\" class=\"aligncenter size-full wp-image-9830\" src=\"https:\/\/construction.vamtam.com\/wp-content\/uploads\/2013\/03\/cask.png\" alt=\"cask\" width=\"180\" height=\"140\" \/><\/p>\n<p style=\"text-align: center\"><strong>\u00a0 Stavebn\u00e9 a dokon\u010dovacie pr\u00e1ce<\/strong><\/p>\n<p style=\"text-align: center\">Na\u0161a stavebn\u00e1 \u010dinnos\u0165 je zameran\u00e1 na komplexn\u00fa prer\u00e1bku bytov, domov, dokon\u010denie novostavby\/holodom\/,nebytov\u00e9 priestory, zateplenia, z\u00e1mkov\u00e1 dla\u017eba, ploty a in\u00e9. Pri stavebn\u00fdch pr\u00e1cach je potrebn\u00e9 ma\u0165<span class=\"Apple-converted-space\">\u00a0 <\/span>na zreteli, \u017ee t\u00e1to \u010dinnos\u0165 si vy\u017eaduje svoj \u010das nako\u013eko sa pracuje s materi\u00e1lmi pri ktor\u00fdch je potrebn\u00e9 dodr\u017ea\u0165 technologick\u00fa prest\u00e1vku. Tak\u00e9to obmedzenia s\u00fa hlavne pri mal\u00fdch stavb\u00e1ch ako je prer\u00e1bka bytov\u00e9ho jadra. Preto pri ponuk\u00e1ch prer\u00e1bky bytov\u00e9ho jadra do 3 a\u017e 4 dn\u00ed by som bol opatrn\u00fd. Priemern\u00e1 doba je 10 dn\u00ed. Samozrejmos\u0165ou je doprava materi\u00e1lu ako aj odvoz a likvid\u00e1cia stavebn\u00e9ho odpadu. Pracujeme s kvalitn\u00fdm stavebn\u00fdm materi\u00e1lom a postup pr\u00e1c s vami prekonzultujeme aby v\u00fdsledn\u00e1 pr\u00e1ca zodpovedala va\u0161im predstav\u00e1m. Kontaktujte n\u00e1s a po obhliadke<span class=\"Apple-converted-space\">\u00a0 <\/span>a konzult\u00e1cii vypracujeme bezplatn\u00fa cenov\u00fa ponuku.<\/p>\n<h3 style=\"text-align: center\"><\/h3>\n<p style=\"text-align: center\"><\/div><\/div><\/div><\/div><\/div>\n<div class=\"row \"><div class=\"wpv-grid grid-1-1  wpv-first-level parallax-bg first has-background extended-content unextended has-extended-padding\" style=\"background-color:#f9f8f8;padding-top:0.05px;padding-bottom:0.05px;padding-left:15px;padding-right:15px;\" id=\"wpv-column-e9d43d713ec62255ab19f09b3fb92707\"  data-parallax-method=\"to-centre\" data-parallax-inertia=\"-0.3\"><div class=\"extended-column-inner\"><style>#wpv-column-e9d43d713ec62255ab19f09b3fb92707 p,#wpv-column-e9d43d713ec62255ab19f09b3fb92707 em,#wpv-column-e9d43d713ec62255ab19f09b3fb92707 h1,#wpv-column-e9d43d713ec62255ab19f09b3fb92707 h2,#wpv-column-e9d43d713ec62255ab19f09b3fb92707 h3,#wpv-column-e9d43d713ec62255ab19f09b3fb92707 h4,#wpv-column-e9d43d713ec62255ab19f09b3fb92707 h5,#wpv-column-e9d43d713ec62255ab19f09b3fb92707 h6,#wpv-column-e9d43d713ec62255ab19f09b3fb92707 .column-title,#wpv-column-e9d43d713ec62255ab19f09b3fb92707 .sep-text h2.regular-title-wrapper,#wpv-column-e9d43d713ec62255ab19f09b3fb92707 .text-divider-double,#wpv-column-e9d43d713ec62255ab19f09b3fb92707 .sep-text .sep-text-line,#wpv-column-e9d43d713ec62255ab19f09b3fb92707 .sep,#wpv-column-e9d43d713ec62255ab19f09b3fb92707 .sep-2,#wpv-column-e9d43d713ec62255ab19f09b3fb92707 .sep-3,#wpv-column-e9d43d713ec62255ab19f09b3fb92707 td,#wpv-column-e9d43d713ec62255ab19f09b3fb92707 th,#wpv-column-e9d43d713ec62255ab19f09b3fb92707 caption{color:#827070;}#wpv-column-e9d43d713ec62255ab19f09b3fb92707:before{background-color:transparent;}<\/style><div class=\"row \"><div class=\"wpv-grid grid-1-1  first extended has-extended-padding\" style=\"padding-top:0.05px;padding-bottom:20px;\" id=\"wpv-column-3ec39d4a378e1386a81827dbc9ece75a\" ><div class=\"limit-wrapper\"><div class=\"extended-column-inner\"><h2 class='column-title'>REALIZUJEME<\/h2><div class=\"row \"><div class=\"wpv-grid grid-1-5  first unextended no-extended-padding\" style=\"padding-top:0.05px;padding-bottom:0.05px;\" id=\"wpv-column-aefe2b9297e483eae6375ab99fc7ef89\" ><div class=\"services clearfix fullimage no-image has-icon has-button \" style=\"text-align:center;\">\n\t<div class=\"services-inside\">\n\t\t\t\t\t\t\t\t\t<div class=\"thumbnail\">\n\t\t\t\t\t\t\t\t\t\t\t<a href=\"\/\" title=\"Z\u00e1mkov\u00e1 dla\u017eba\" class=\"\">\n\t\t\t\t\t\t\t\t\t\t\t\t\t\t\t\t\t\t<span class='icon shortcode theme  use-hover' style='color:#ffffff;font-size:58px !important;'>&#58912;<\/span>\t\t\t\t\t\t\t\t\t\t\t\t\t\t\t\t\t<\/a>\n\t\t\t\t\t\t\t\t\t<\/div>\n\t\t\t\t\t\t\t\t\t<div class=\"sep-2\"><\/div>\n\t\t\t\t\t\t\t\t\t\t\t\t\t\t<h4 class=\"services-title\">\n\t\t\t\t\t\t\t\t\t<a href=\"\/\" title=\"Z\u00e1mkov\u00e1 dla\u017eba\">Z\u00e1mkov\u00e1 dla\u017eba<\/a>\n\t\t\t\t\t\t\t<\/h4>\n\t\t\t\t\t\t\t<div class=\"services-content\">\n<\/div>\n\t\t\t\t\t<\/div>\n<\/div>\n<\/div>\n<div class=\"wpv-grid grid-1-5  unextended no-extended-padding\" style=\"padding-top:0.05px;padding-bottom:0.05px;\" id=\"wpv-column-f54ee4d39348ec3a7b659b9b0bbc256c\" ><div class=\"services clearfix fullimage no-image has-icon has-button \" style=\"text-align:center;\">\n\t<div class=\"services-inside\">\n\t\t\t\t\t\t\t\t\t<div class=\"thumbnail\">\n\t\t\t\t\t\t\t\t\t\t\t<a href=\"\/\" title=\"Zateplovanie budov\" class=\"\">\n\t\t\t\t\t\t\t\t\t\t\t\t\t\t\t\t\t\t<span class='icon shortcode   use-hover' style='color:#ffffff;font-size:58px !important;'>&#57351;<\/span>\t\t\t\t\t\t\t\t\t\t\t\t\t\t\t\t\t<\/a>\n\t\t\t\t\t\t\t\t\t<\/div>\n\t\t\t\t\t\t\t\t\t<div class=\"sep-2\"><\/div>\n\t\t\t\t\t\t\t\t\t\t\t\t\t\t<h4 class=\"services-title\">\n\t\t\t\t\t\t\t\t\t<a href=\"\/\" title=\"Zateplovanie budov\">Zateplovanie budov<\/a>\n\t\t\t\t\t\t\t<\/h4>\n\t\t\t\t\t\t\t<div class=\"services-content\">\n<\/div>\n\t\t\t\t\t<\/div>\n<\/div>\n<\/div>\n<div class=\"wpv-grid grid-1-5  unextended no-extended-padding\" style=\"padding-top:0.05px;padding-bottom:0.05px;\" id=\"wpv-column-f9bed73d922597ae05ce7902f0340490\" ><div class=\"services clearfix fullimage no-image has-icon has-button \" style=\"text-align:center;\">\n\t<div class=\"services-inside\">\n\t\t\t\t\t\t\t\t\t<div class=\"thumbnail\">\n\t\t\t\t\t\t\t\t\t\t\t<a href=\"\/\" title=\"SDK stropy a prie\u010dky\" class=\"\">\n\t\t\t\t\t\t\t\t\t\t\t\t\t\t\t\t\t\t<span class='icon shortcode theme  use-hover' style='color:#ffffff;font-size:58px !important;'>&#57452;<\/span>\t\t\t\t\t\t\t\t\t\t\t\t\t\t\t\t\t<\/a>\n\t\t\t\t\t\t\t\t\t<\/div>\n\t\t\t\t\t\t\t\t\t<div class=\"sep-2\"><\/div>\n\t\t\t\t\t\t\t\t\t\t\t\t\t\t<h4 class=\"services-title\">\n\t\t\t\t\t\t\t\t\t<a href=\"\/\" title=\"SDK stropy a prie\u010dky\">SDK stropy a prie\u010dky<\/a>\n\t\t\t\t\t\t\t<\/h4>\n\t\t\t\t\t\t\t<div class=\"services-content\">\n<\/div>\n\t\t\t\t\t<\/div>\n<\/div>\n<\/div>\n<div class=\"wpv-grid grid-1-5  unextended no-extended-padding\" style=\"padding-top:0.05px;padding-bottom:0.05px;\" id=\"wpv-column-1e564243892a0e45fce21a708242ba55\" ><div class=\"services clearfix fullimage no-image has-icon has-button \" style=\"text-align:center;\">\n\t<div class=\"services-inside\">\n\t\t\t\t\t\t\t\t\t<div class=\"thumbnail\">\n\t\t\t\t\t\t\t\t\t\t\t<a href=\"\/\" title=\"Stierky\" class=\"\">\n\t\t\t\t\t\t\t\t\t\t\t\t\t\t\t\t\t\t<span class='icon shortcode theme  use-hover' style='color:#ffffff;font-size:58px !important;'>&#58907;<\/span>\t\t\t\t\t\t\t\t\t\t\t\t\t\t\t\t\t<\/a>\n\t\t\t\t\t\t\t\t\t<\/div>\n\t\t\t\t\t\t\t\t\t<div class=\"sep-2\"><\/div>\n\t\t\t\t\t\t\t\t\t\t\t\t\t\t<h4 class=\"services-title\">\n\t\t\t\t\t\t\t\t\t<a href=\"\/\" title=\"Stierky\">Stierky<\/a>\n\t\t\t\t\t\t\t<\/h4>\n\t\t\t\t\t\t\t<div class=\"services-content\">\n<\/div>\n\t\t\t\t\t<\/div>\n<\/div>\n<\/div>\n<div class=\"wpv-grid grid-1-5  unextended no-extended-padding\" style=\"padding-top:0.05px;padding-bottom:0.05px;\" id=\"wpv-column-7b75fcdd932442b9937e7b80a49c3f93\" ><div class=\"services clearfix fullimage no-image has-icon has-button \" style=\"text-align:center;\">\n\t<div class=\"services-inside\">\n\t\t\t\t\t\t\t\t\t<div class=\"thumbnail\">\n\t\t\t\t\t\t\t\t\t\t\t<a href=\"\/\" title=\"V\u00fdstavba m\u00farov obvodov\u00fdch a prie\u010dok\" class=\"\">\n\t\t\t\t\t\t\t\t\t\t\t\t\t\t\t\t\t\t<span class='icon shortcode   use-hover' style='color:#ffffff;font-size:58px !important;'>&#57762;<\/span>\t\t\t\t\t\t\t\t\t\t\t\t\t\t\t\t\t<\/a>\n\t\t\t\t\t\t\t\t\t<\/div>\n\t\t\t\t\t\t\t\t\t<div class=\"sep-2\"><\/div>\n\t\t\t\t\t\t\t\t\t\t\t\t\t\t<h4 class=\"services-title\">\n\t\t\t\t\t\t\t\t\t<a href=\"\/\" title=\"V\u00fdstavba m\u00farov obvodov\u00fdch a prie\u010dok\">V\u00fdstavba m\u00farov obvodov\u00fdch a prie\u010dok<\/a>\n\t\t\t\t\t\t\t<\/h4>\n\t\t\t\t\t\t\t<div class=\"services-content\">\n<\/div>\n\t\t\t\t\t<\/div>\n<\/div>\n<\/div><\/div>\n<div class=\"row \"><div class=\"wpv-grid grid-1-5  first unextended no-extended-padding\" style=\"padding-top:0.05px;padding-bottom:0.05px;\" id=\"wpv-column-c487aa3f41a520e34dc57b90d1315acd\" ><div class=\"services clearfix fullimage no-image has-icon has-button \" style=\"text-align:center;\">\n\t<div class=\"services-inside\">\n\t\t\t\t\t\t\t\t\t<div class=\"thumbnail\">\n\t\t\t\t\t\t\t\t\t\t\t<a href=\"\/\" title=\"Omietky\" class=\"\">\n\t\t\t\t\t\t\t\t\t\t\t\t\t\t\t\t\t\t<span class='icon shortcode   use-hover' style='color:#ffffff;font-size:58px !important;'>&#57795;<\/span>\t\t\t\t\t\t\t\t\t\t\t\t\t\t\t\t\t<\/a>\n\t\t\t\t\t\t\t\t\t<\/div>\n\t\t\t\t\t\t\t\t\t<div class=\"sep-2\"><\/div>\n\t\t\t\t\t\t\t\t\t\t\t\t\t\t<h4 class=\"services-title\">\n\t\t\t\t\t\t\t\t\t<a href=\"\/\" title=\"Omietky\">Omietky<\/a>\n\t\t\t\t\t\t\t<\/h4>\n\t\t\t\t\t\t\t<div class=\"services-content\">\n<\/div>\n\t\t\t\t\t<\/div>\n<\/div>\n<\/div>\n<div class=\"wpv-grid grid-1-5  unextended no-extended-padding\" style=\"padding-top:0.05px;padding-bottom:0.05px;\" id=\"wpv-column-eeae686183da4038ae2f869b83d1f51d\" ><div class=\"services clearfix fullimage no-image has-icon has-button \" style=\"text-align:center;\">\n\t<div class=\"services-inside\">\n\t\t\t\t\t\t\t\t\t<div class=\"thumbnail\">\n\t\t\t\t\t\t\t\t\t\t\t<a href=\"\/\" title=\"Ma\u013eovky\" class=\"\">\n\t\t\t\t\t\t\t\t\t\t\t\t\t\t\t\t\t\t<span class='icon shortcode   use-hover' style='color:#ffffff;font-size:58px !important;'>&#57367;<\/span>\t\t\t\t\t\t\t\t\t\t\t\t\t\t\t\t\t<\/a>\n\t\t\t\t\t\t\t\t\t<\/div>\n\t\t\t\t\t\t\t\t\t<div class=\"sep-2\"><\/div>\n\t\t\t\t\t\t\t\t\t\t\t\t\t\t<h4 class=\"services-title\">\n\t\t\t\t\t\t\t\t\t<a href=\"\/\" title=\"Ma\u013eovky\">Ma\u013eovky<\/a>\n\t\t\t\t\t\t\t<\/h4>\n\t\t\t\t\t\t\t<div class=\"services-content\">\n<\/div>\n\t\t\t\t\t<\/div>\n<\/div>\n<\/div>\n<div class=\"wpv-grid grid-1-5  unextended no-extended-padding\" style=\"padding-top:0.05px;padding-bottom:0.05px;\" id=\"wpv-column-c7d122c634ac69a8b8163899cbaa2f40\" ><div class=\"services clearfix fullimage no-image has-icon has-button \" style=\"text-align:center;\">\n\t<div class=\"services-inside\">\n\t\t\t\t\t\t\t\t\t<div class=\"thumbnail\">\n\t\t\t\t\t\t\t\t\t\t\t<a href=\"\/\" title=\"Pokl\u00e1dla podl\u00e1h\" class=\"\">\n\t\t\t\t\t\t\t\t\t\t\t\t\t\t\t\t\t\t<span class='icon shortcode theme  use-hover' style='color:#ffffff;font-size:58px !important;'>&#57394;<\/span>\t\t\t\t\t\t\t\t\t\t\t\t\t\t\t\t\t<\/a>\n\t\t\t\t\t\t\t\t\t<\/div>\n\t\t\t\t\t\t\t\t\t<div class=\"sep-2\"><\/div>\n\t\t\t\t\t\t\t\t\t\t\t\t\t\t<h4 class=\"services-title\">\n\t\t\t\t\t\t\t\t\t<a href=\"\/\" title=\"Pokl\u00e1dla podl\u00e1h\">Pokl\u00e1dla podl\u00e1h<\/a>\n\t\t\t\t\t\t\t<\/h4>\n\t\t\t\t\t\t\t<div class=\"services-content\">\n<\/div>\n\t\t\t\t\t<\/div>\n<\/div>\n<\/div>\n<div class=\"wpv-grid grid-1-5  unextended no-extended-padding\" style=\"padding-top:0.05px;padding-bottom:0.05px;\" id=\"wpv-column-1b8ad01ce9b6d1ae4f7235703d77238e\" ><div class=\"services clearfix fullimage no-image has-icon has-button \" style=\"text-align:center;\">\n\t<div class=\"services-inside\">\n\t\t\t\t\t\t\t\t\t<div class=\"thumbnail\">\n\t\t\t\t\t\t\t\t\t\t\t<a href=\"\/\" title=\"Obklada\u010dsk\u00e9 pr\u00e1ce\" class=\"\">\n\t\t\t\t\t\t\t\t\t\t\t\t\t\t\t\t\t\t<span class='icon shortcode   use-hover' style='color:#ffffff;font-size:58px !important;'>&#57441;<\/span>\t\t\t\t\t\t\t\t\t\t\t\t\t\t\t\t\t<\/a>\n\t\t\t\t\t\t\t\t\t<\/div>\n\t\t\t\t\t\t\t\t\t<div class=\"sep-2\"><\/div>\n\t\t\t\t\t\t\t\t\t\t\t\t\t\t<h4 class=\"services-title\">\n\t\t\t\t\t\t\t\t\t<a href=\"\/\" title=\"Obklada\u010dsk\u00e9 pr\u00e1ce\">Obklada\u010dsk\u00e9 pr\u00e1ce<\/a>\n\t\t\t\t\t\t\t<\/h4>\n\t\t\t\t\t\t\t<div class=\"services-content\">\n<\/div>\n\t\t\t\t\t<\/div>\n<\/div>\n<\/div>\n<div class=\"wpv-grid grid-1-5  unextended no-extended-padding\" style=\"padding-top:0.05px;padding-bottom:0.05px;\" id=\"wpv-column-f3083db6af1b419006847031169f28ca\" ><div class=\"services clearfix fullimage no-image has-icon has-button \" style=\"text-align:center;\">\n\t<div class=\"services-inside\">\n\t\t\t\t\t\t\t\t\t<div class=\"thumbnail\">\n\t\t\t\t\t\t\t\t\t\t\t<a href=\"\/\" title=\"Beton\u00e1rske pr\u00e1ce\" class=\"\">\n\t\t\t\t\t\t\t\t\t\t\t\t\t\t\t\t\t\t<span class='icon shortcode theme  use-hover' style='color:#ffffff;font-size:58px !important;'>&#57475;<\/span>\t\t\t\t\t\t\t\t\t\t\t\t\t\t\t\t\t<\/a>\n\t\t\t\t\t\t\t\t\t<\/div>\n\t\t\t\t\t\t\t\t\t<div class=\"sep-2\"><\/div>\n\t\t\t\t\t\t\t\t\t\t\t\t\t\t<h4 class=\"services-title\">\n\t\t\t\t\t\t\t\t\t<a href=\"\/\" title=\"Beton\u00e1rske pr\u00e1ce\">Beton\u00e1rske pr\u00e1ce<\/a>\n\t\t\t\t\t\t\t<\/h4>\n\t\t\t\t\t\t\t<div class=\"services-content\">\n<\/div>\n\t\t\t\t\t<\/div>\n<\/div>\n<\/div><\/div>\n<div class=\"row \"><div class=\"wpv-grid grid-1-5  first unextended no-extended-padding\" style=\"padding-top:0.05px;padding-bottom:0.05px;\" id=\"wpv-column-a1af0f7b1feeda9589f5ac067fe5a6fc\" ><div class=\"services clearfix fullimage no-image has-icon has-button \" style=\"text-align:center;\">\n\t<div class=\"services-inside\">\n\t\t\t\t\t\t\t\t\t<div class=\"thumbnail\">\n\t\t\t\t\t\t\t\t\t\t\t<a href=\"\/\" title=\"Armovanie\" class=\"\">\n\t\t\t\t\t\t\t\t\t\t\t\t\t\t\t\t\t\t<span class='icon shortcode   use-hover' style='color:#ffffff;font-size:58px !important;'>&#58092;<\/span>\t\t\t\t\t\t\t\t\t\t\t\t\t\t\t\t\t<\/a>\n\t\t\t\t\t\t\t\t\t<\/div>\n\t\t\t\t\t\t\t\t\t<div class=\"sep-2\"><\/div>\n\t\t\t\t\t\t\t\t\t\t\t\t\t\t<h4 class=\"services-title\">\n\t\t\t\t\t\t\t\t\t<a href=\"\/\" title=\"Armovanie\">Armovanie<\/a>\n\t\t\t\t\t\t\t<\/h4>\n\t\t\t\t\t\t\t<div class=\"services-content\">\n<\/div>\n\t\t\t\t\t<\/div>\n<\/div>\n<\/div>\n<div class=\"wpv-grid grid-1-5  unextended no-extended-padding\" style=\"padding-top:0.05px;padding-bottom:0.05px;\" id=\"wpv-column-c4dc980652e0640a6859f7b2f06bd8dc\" ><div class=\"services clearfix fullimage no-image has-icon has-button \" style=\"text-align:center;\">\n\t<div class=\"services-inside\">\n\t\t\t\t\t\t\t\t\t<div class=\"thumbnail\">\n\t\t\t\t\t\t\t\t\t\t\t<a href=\"\/\" title=\"Rekon\u0161trukcia bytov\u00fdch jadier\" class=\"\">\n\t\t\t\t\t\t\t\t\t\t\t\t\t\t\t\t\t\t<span class='icon shortcode   use-hover' style='color:#ffffff;font-size:58px !important;'>&#58093;<\/span>\t\t\t\t\t\t\t\t\t\t\t\t\t\t\t\t\t<\/a>\n\t\t\t\t\t\t\t\t\t<\/div>\n\t\t\t\t\t\t\t\t\t<div class=\"sep-2\"><\/div>\n\t\t\t\t\t\t\t\t\t\t\t\t\t\t<h4 class=\"services-title\">\n\t\t\t\t\t\t\t\t\t<a href=\"\/\" title=\"Rekon\u0161trukcia bytov\u00fdch jadier\">Rekon\u0161trukcia bytov\u00fdch jadier<\/a>\n\t\t\t\t\t\t\t<\/h4>\n\t\t\t\t\t\t\t<div class=\"services-content\">\n<\/div>\n\t\t\t\t\t<\/div>\n<\/div>\n<\/div>\n<div class=\"wpv-grid grid-1-5  unextended no-extended-padding\" style=\"padding-top:0.05px;padding-bottom:0.05px;\" id=\"wpv-column-2f792fd0acba2ef3f6a447deff00f76b\" ><div class=\"services clearfix fullimage no-image has-icon has-button \" style=\"text-align:center;\">\n\t<div class=\"services-inside\">\n\t\t\t\t\t\t\t\t\t<div class=\"thumbnail\">\n\t\t\t\t\t\t\t\t\t\t\t<a href=\"\/\" title=\"A in\u00e9\" class=\"\">\n\t\t\t\t\t\t\t\t\t\t\t\t\t\t\t\t\t\t<span class='icon shortcode theme  use-hover' style='color:#ffffff;font-size:58px !important;'>&#57374;<\/span>\t\t\t\t\t\t\t\t\t\t\t\t\t\t\t\t\t<\/a>\n\t\t\t\t\t\t\t\t\t<\/div>\n\t\t\t\t\t\t\t\t\t<div class=\"sep-2\"><\/div>\n\t\t\t\t\t\t\t\t\t\t\t\t\t\t<h4 class=\"services-title\">\n\t\t\t\t\t\t\t\t\t<a href=\"\/\" title=\"A in\u00e9\">A in\u00e9<\/a>\n\t\t\t\t\t\t\t<\/h4>\n\t\t\t\t\t\t\t<div class=\"services-content\">\n<\/div>\n\t\t\t\t\t<\/div>\n<\/div>\n<\/div><\/div><\/div><\/div><\/div><\/div><\/div><\/div><\/div>\n<div class=\"push  wpv-hide-lowres\" style=\"height:40px\"><\/div>\n<div class=\"row \"><div class=\"wpv-grid grid-1-1  wpv-first-level first has-background extended animation-from-bottom animated-active has-extended-padding\" style=\"background-color:#F4F4F4;padding-top:40px;padding-bottom:40px;\" id=\"wpv-column-de6f3bd3ad3849cc65e771ab39606ef4\" ><div class=\"limit-wrapper\"><div class=\"extended-column-inner\"><style>#wpv-column-de6f3bd3ad3849cc65e771ab39606ef4 p,#wpv-column-de6f3bd3ad3849cc65e771ab39606ef4 em,#wpv-column-de6f3bd3ad3849cc65e771ab39606ef4 h1,#wpv-column-de6f3bd3ad3849cc65e771ab39606ef4 h2,#wpv-column-de6f3bd3ad3849cc65e771ab39606ef4 h3,#wpv-column-de6f3bd3ad3849cc65e771ab39606ef4 h4,#wpv-column-de6f3bd3ad3849cc65e771ab39606ef4 h5,#wpv-column-de6f3bd3ad3849cc65e771ab39606ef4 h6,#wpv-column-de6f3bd3ad3849cc65e771ab39606ef4 .column-title,#wpv-column-de6f3bd3ad3849cc65e771ab39606ef4 .sep-text h2.regular-title-wrapper,#wpv-column-de6f3bd3ad3849cc65e771ab39606ef4 .text-divider-double,#wpv-column-de6f3bd3ad3849cc65e771ab39606ef4 .sep-text .sep-text-line,#wpv-column-de6f3bd3ad3849cc65e771ab39606ef4 .sep,#wpv-column-de6f3bd3ad3849cc65e771ab39606ef4 .sep-2,#wpv-column-de6f3bd3ad3849cc65e771ab39606ef4 .sep-3,#wpv-column-de6f3bd3ad3849cc65e771ab39606ef4 td,#wpv-column-de6f3bd3ad3849cc65e771ab39606ef4 th,#wpv-column-de6f3bd3ad3849cc65e771ab39606ef4 caption{color:#757575;}#wpv-column-de6f3bd3ad3849cc65e771ab39606ef4:before{background-color:transparent;}<\/style><div class=\"row \"><div class=\"wpv-grid grid-1-1  first unextended no-extended-padding\" style=\"padding-top:0.05px;padding-bottom:0.05px;\" id=\"wpv-column-7d1cd4000b734b76c7e56a42ed653e5d\" >\n<div  data-target=\"_self\" class=\"linkarea clearfix accent1  background-transparent\">\n\t\t\t\t<div class=\"last\"><table>\n<tbody>\n<tr>\n<td><div class=\"push \" style=\"height:10px\"><\/div> <span class='icon shortcode theme  use-hover' style='color:#364352;font-size:42px !important;'>&#57474;<\/span><\/td>\n<td>\n<h3>CENN\u00cdK<\/h3>\n<p>Cenn\u00edk slu\u017eieb spolo\u010dnosti APLT..<\/td>\n<td><div class=\"push \" style=\"height:30px\"><\/div> <p class=\"textcenter\"><a href=\"http:\/\/aplt.sk\/index.php\/cenniky\/\" target=\"_self\" style='font-size: 14px;' class=\"vamtam-button accent1  button-border hover-accent1 \"><span class=\"btext\" data-text=\"PREZRIE\u0164\">PREZRIE\u0164<\/span><\/a><\/p><\/td>\n<\/tr>\n<\/tbody>\n<\/table><\/div>\n\t<\/div><\/div><\/div><\/div><\/div><\/div><\/div>\n<div class=\"limit-wrapper\"><div class=\"row \"><div class=\"wpv-grid grid-1-1  wpv-first-level first unextended no-extended-padding\" style=\"padding-top:0.05px;padding-bottom:0.05px;\" id=\"wpv-column-733c164636f1a658fce1a9c3d5da4670\" ><div class=\"slogan clearfix  has-button\">\n\t<div class=\"slogan-content\">\n\t\t\n<h1>Potrebujete cenov\u00fa ponuku?<\/h1>\n\t<\/div>\n\t\t<div class=\"button-wrp\">\n\t\t<a href=\"https:\/\/aplt.sk\/index.php\/aplt-kontakty\/\" class=\"vamtam-button accent2  button-filled hover-accent1 \"><span class='icon shortcode   use-hover' style=''>&#57609;<\/span><span class=\"btext\" data-text=\"Vy\u017eiada\u0165 si cenu\">Vy\u017eiada\u0165 si cenu<\/span><\/a>\t<\/div>\n\t<\/div>\n<\/div><\/div><\/div>\n","protected":false},"excerpt":{"rendered":"<p>\u00a0 Stavebn\u00e9 a dokon\u010dovacie pr\u00e1ce Na\u0161a stavebn\u00e1 \u010dinnos\u0165 je zameran\u00e1 na komplexn\u00fa prer\u00e1bku bytov, domov, dokon\u010denie novostavby\/holodom\/,nebytov\u00e9 priestory, zateplenia, z\u00e1mkov\u00e1 dla\u017eba, ploty a in\u00e9. Pri stavebn\u00fdch pr\u00e1cach je potrebn\u00e9 ma\u0165\u00a0 na zreteli, \u017ee t\u00e1to \u010dinnos\u0165 si vy\u017eaduje svoj \u010das nako\u013eko sa pracuje s materi\u00e1lmi pri ktor\u00fdch je potrebn\u00e9 dodr\u017ea\u0165 technologick\u00fa prest\u00e1vku. Tak\u00e9to obmedzenia s\u00fa hlavne&#8230;<\/p>\n","protected":false},"author":1,"featured_media":0,"parent":0,"menu_order":0,"comment_status":"closed","ping_status":"closed","template":"","meta":{"ngg_post_thumbnail":0},"_links":{"self":[{"href":"https:\/\/www.aplt.sk\/index.php\/wp-json\/wp\/v2\/pages\/11779"}],"collection":[{"href":"https:\/\/www.aplt.sk\/index.php\/wp-json\/wp\/v2\/pages"}],"about":[{"href":"https:\/\/www.aplt.sk\/index.php\/wp-json\/wp\/v2\/types\/page"}],"author":[{"embeddable":true,"href":"https:\/\/www.aplt.sk\/index.php\/wp-json\/wp\/v2\/users\/1"}],"replies":[{"embeddable":true,"href":"https:\/\/www.aplt.sk\/index.php\/wp-json\/wp\/v2\/comments?post=11779"}],"version-history":[{"count":24,"href":"https:\/\/www.aplt.sk\/index.php\/wp-json\/wp\/v2\/pages\/11779\/revisions"}],"predecessor-version":[{"id":12550,"href":"https:\/\/www.aplt.sk\/index.php\/wp-json\/wp\/v2\/pages\/11779\/revisions\/12550"}],"wp:attachment":[{"href":"https:\/\/www.aplt.sk\/index.php\/wp-json\/wp\/v2\/media?parent=11779"}],"curies":[{"name":"wp","href":"https:\/\/api.w.org\/{rel}","templated":true}]}}