{"id":11875,"date":"2019-01-28T13:21:51","date_gmt":"2019-01-28T12:21:51","guid":{"rendered":"http:\/\/aplt.sk\/?page_id=11875"},"modified":"2021-02-04T20:43:30","modified_gmt":"2021-02-04T19:43:30","slug":"aplt-stavby-elektroinstalacie-doprava-a-prenajom","status":"publish","type":"page","link":"https:\/\/www.aplt.sk\/","title":{"rendered":"APLT"},"content":{"rendered":"<div class=\"row \"><div class=\"wpv-grid grid-1-1  wpv-first-level first hide-bg-lowres has-background extended has-extended-padding\" style=\"\n\t\t\t\tbackground: url( &#039;https:\/\/construction.vamtam.com\/wp-content\/uploads\/2014\/04\/services_bg_man.jpg&#039; ) no-repeat center bottom;\n\t\t\t\tbackground-size: auto;\n\t\t\tbackground-attachment: scroll;padding-top:0.05px;padding-bottom:0.05px;\" id=\"wpv-column-e08dbbe888a29bc34e5e1bf415e41894\" ><div class=\"limit-wrapper\"><div class=\"extended-column-inner\"><div class=\"row \"><div class=\"wpv-grid grid-1-1  first unextended no-extended-padding\" style=\"padding-top:0.05px;padding-bottom:0.05px;\" id=\"wpv-column-3258d9a5af93b8250f1e3bdd7339a237\" ><div class=\"push  wpv-hide-lowres\" style=\"height:20px\"><\/div>\n<h3 style=\"text-align: center\">O N\u00c1S.<\/h3>\n<blockquote>\n<h3 style=\"text-align: center\"><strong>\u00a0Poskytujeme rie\u0161enia v oblasti elektroin\u0161tal\u00e1ci\u00ed a tak isto v stavebn\u00edctve. M\u00e1me za sebou mno\u017estvo odvedenej pr\u00e1ce a spokojn\u00fdch z\u00e1kazn\u00edkov.<\/strong><br \/>\n<strong>D\u00fafame \u017ee na na\u0161ej str\u00e1nke n\u00e1jdete v\u0161etky potrebn\u00e9 inform\u00e1cie a prid\u00e1te sa do skupiny spokojn\u00fdch klientov.<\/strong><\/h3>\n<\/blockquote>\n<p style=\"text-align: left\">Spolo\u010dnos\u0165 APLT s. r. o. je pokra\u010dovate\u013eom \u010dinnosti ktor\u00e1 bola prev\u00e1dzkovan\u00e1 od roku 2002 na \u017eivnos\u0165. Poskytujeme rie\u0161enia v oblasti elektroin\u0161tal\u00e1ci\u00ed a tak isto v stavebn\u00edctve. V na\u0161ej spolo\u010dnosti sa zameriavame na dve hlavn\u00e9 odvetvia a to elektroin\u0161tal\u00e1cie a stavby. Sme dvaja zakladaj\u00faci \u010dlenovia kde ka\u017ed\u00fd z n\u00e1s m\u00e1 vzdelanie vo svojom smere. Jeden z n\u00e1s je vy\u0161tudovan\u00fd elektrotechnik a druh\u00fd ma stavebn\u00e9 vzdelanie. Tak\u017ee venujeme sa tomu \u010do sme vy\u0161tudovali a rokmi nabrat\u00e9 sk\u00fasenosti premietame do na\u0161ich pr\u00e1c, aj ke\u010f je v\u017edy \u010do sa u\u010di\u0165. Preto vieme \u017ee pri tejto pr\u00e1ci je d\u00f4le\u017eit\u00fd \u010das, ktor\u00fd by sa mohol zda\u0165 pre odborne nezdatn\u00e9ho \u010dloveka pridlh\u00ed. No mi\u00a0 nepracujeme pre kvantitu ale na kvalitu a preto dodr\u017eiavame technologick\u00fd postup pr\u00e1c a za na\u0161ou pr\u00e1cou si stoj\u00edme.\u00a0<span style=\"text-align: center\">Preto pri stavbe alebo prer\u00e1bke je potrebn\u00fd \u010das. Na realiz\u00e1ciu v\u00e1\u0161ho projektu potrebujete spravi\u0165 viacero vec\u00ed ako je napr\u00edklad murovanie ,elektroin\u0161tal\u00e1cia, sadrokart\u00f3ny, omietky, zateplenie a in\u00e9. \u010casto sa st\u00e1va, \u017ee ke\u010f svoju pr\u00e1cu dokon\u010d\u00ed jedna partia tak t\u00e1 druh\u00e1 pr\u00e1ve nem\u00f4\u017ee za\u010da\u0165 a treba<\/span><span class=\"Apple-converted-space\" style=\"text-align: center\">\u00a0 <\/span><span style=\"text-align: center\">na nich \u010daka\u0165. Alebo sa ukon\u010denie pr\u00e1c jednej partii predl\u017e\u00ed a nasledovn\u00e1 skupina robotn\u00edkov nem\u00f4\u017ee za\u010da\u0165 pracova\u0165. To m\u00f4\u017ee ma\u0165 za n\u00e1sledok, \u017ee zober\u00fa \u010fal\u0161iu z\u00e1kazku a V\u00e1s posun\u00fa na bok a potom zasa treba \u010daka\u0165. \u010eal\u0161\u00edm argumentom robotn\u00edkov na va\u0161e ot\u00e1zky pre\u010do to nie je spraven\u00e9 tak ako ste si to predstavovali je, \u017ee u\u017e sa to ned\u00e1 lebo partia ktor\u00e1 tu bola pred nami to mala spravi\u0165 tak \u010di onak a teraz to u\u017e nejde a podobne. A vy len rob\u00edte kompromisy. U n\u00e1s sa tak\u00e9to kompromisy robi\u0165 nemusia. U\u017e na za\u010diatku si preberieme v\u0161etko potrebn\u00e9 a predlo\u017e\u00edme v\u00e1m n\u00e1\u0161 postup. Vyhov\u00e1ra\u0165 sa na nikoho nem\u00f4\u017eeme a ani nemus\u00edme na nikoho \u010daka\u0165. V\u0161etko si rob\u00edme vo vlastnej r\u00e9\u017eii a t\u00fdm v\u00e1m u\u0161etr\u00edme \u010das a \u010das s\u00fa peniaze.<\/span><\/div><\/div>\n<div class=\"push \" style=\"height:40px\"><\/div>\n<div class=\"row \"><div class=\"wpv-grid grid-1-3  first unextended has-extended-padding\" style=\"padding-top:0.05px;padding-bottom:0.05px;\" id=\"wpv-column-e1cc781aa4698af79c282c591674e4e1\" ><div class=\"row \"><div class=\"wpv-grid grid-1-1  first unextended no-extended-padding\" style=\"padding-top:0.05px;padding-bottom:0.05px;\" id=\"wpv-column-117c51cb557a55ecc37bf577fd0bed17\" ><div class=\"services has-more \" id=\"wpv-expandable-76ed655f9ad54ac7bd249f6fd0e03d07\">\n\t<div class=\"closed services-inside\">\n\t\t<div class=\"services-content-wrapper clearfix\">\n\t\t\t\t\t\t\t<div class=\"image-wrapper\"><span class='icon shortcode theme border use-hover' style='color:#9aed00;font-size:56px !important;'>&#58909;<\/span><\/div>\n\t\t\t\n\t\t\t\t\t\t\t<h3 class=\"title\">STAVEBN\u00c1 \u010cINNOS\u0164<\/h3><br>\n\t\t\t\t\t\tRENOV\u00c1CIE DOMOV &#8211; BYTOV<br \/>\nBYTOV\u00c9 JADR\u00c1<br \/>\nNOVOSTAVBY &#8211; DOKON\u010cENIE HOLODOMU<\/p>\n\n\t\t<\/div>\n\t<\/div>\n\t<div class=\"open services-inside\">\n\t\t<div class=\"services-content-wrapper\">\n\t\t\t<div class=\"row\">\n\t\t\t\t\n<div class=\"push \" style=\"height:10px\"><\/div><p class=\"textcenter\"><a href=\"http:\/\/aplt.sk\/index.php\/aplt-stavebna-cinnost\/\/\" target=\"_self\" style='font-size: 14px;' class=\"vamtam-button accent5  button-border hover-accent2 \"><span class=\"btext\" data-text=\"ZISTI\u0164 VIAC\">ZISTI\u0164 VIAC<\/span><\/a><\/p><div class=\"push \" style=\"height:10px\"><\/div>\n\t\t\t<\/div>\n\t\t<\/div>\n\t<\/div>\n<\/div>\n<style scoped>#wpv-expandable-76ed655f9ad54ac7bd249f6fd0e03d07 .closed{background:url('http:\/\/aplt.sk\/wp-content\/uploads\/2019\/01\/slider_1.jpg') scroll;background-size:cover;background-color:#47505b;}#wpv-expandable-76ed655f9ad54ac7bd249f6fd0e03d07 .closed,#wpv-expandable-76ed655f9ad54ac7bd249f6fd0e03d07 .closed p,#wpv-expandable-76ed655f9ad54ac7bd249f6fd0e03d07 .closed .sep-text h2.regular-title-wrapper,#wpv-expandable-76ed655f9ad54ac7bd249f6fd0e03d07 .closed .text-divider-double,#wpv-expandable-76ed655f9ad54ac7bd249f6fd0e03d07 .closed .sep-text .sep-text-line,#wpv-expandable-76ed655f9ad54ac7bd249f6fd0e03d07 .closed .sep,#wpv-expandable-76ed655f9ad54ac7bd249f6fd0e03d07 .closed .sep-2,#wpv-expandable-76ed655f9ad54ac7bd249f6fd0e03d07 .closed .sep-3,#wpv-expandable-76ed655f9ad54ac7bd249f6fd0e03d07 .closed h1,#wpv-expandable-76ed655f9ad54ac7bd249f6fd0e03d07 .closed h2,#wpv-expandable-76ed655f9ad54ac7bd249f6fd0e03d07 .closed h3,#wpv-expandable-76ed655f9ad54ac7bd249f6fd0e03d07 .closed h4,#wpv-expandable-76ed655f9ad54ac7bd249f6fd0e03d07 .closed h5,#wpv-expandable-76ed655f9ad54ac7bd249f6fd0e03d07 .closed h6,#wpv-expandable-76ed655f9ad54ac7bd249f6fd0e03d07 .closed td,#wpv-expandable-76ed655f9ad54ac7bd249f6fd0e03d07 .closed th,#wpv-expandable-76ed655f9ad54ac7bd249f6fd0e03d07 .closed caption{color:#cbd0d6;}#wpv-expandable-76ed655f9ad54ac7bd249f6fd0e03d07 .open{background:#9aed00;}#wpv-expandable-76ed655f9ad54ac7bd249f6fd0e03d07 .open,#wpv-expandable-76ed655f9ad54ac7bd249f6fd0e03d07 .open p,#wpv-expandable-76ed655f9ad54ac7bd249f6fd0e03d07 .open .sep-text h2.regular-title-wrapper,#wpv-expandable-76ed655f9ad54ac7bd249f6fd0e03d07 .open .text-divider-double,#wpv-expandable-76ed655f9ad54ac7bd249f6fd0e03d07 .open .sep-text .sep-text-line,#wpv-expandable-76ed655f9ad54ac7bd249f6fd0e03d07 .open .sep,#wpv-expandable-76ed655f9ad54ac7bd249f6fd0e03d07 .open .sep-2,#wpv-expandable-76ed655f9ad54ac7bd249f6fd0e03d07 .open .sep-3,#wpv-expandable-76ed655f9ad54ac7bd249f6fd0e03d07 .open h1,#wpv-expandable-76ed655f9ad54ac7bd249f6fd0e03d07 .open h2,#wpv-expandable-76ed655f9ad54ac7bd249f6fd0e03d07 .open h3,#wpv-expandable-76ed655f9ad54ac7bd249f6fd0e03d07 .open h4,#wpv-expandable-76ed655f9ad54ac7bd249f6fd0e03d07 .open h5,#wpv-expandable-76ed655f9ad54ac7bd249f6fd0e03d07 .open h6,#wpv-expandable-76ed655f9ad54ac7bd249f6fd0e03d07 .open td,#wpv-expandable-76ed655f9ad54ac7bd249f6fd0e03d07 .open th,#wpv-expandable-76ed655f9ad54ac7bd249f6fd0e03d07 .open caption{color:#f9ffed;}<\/style>\n<\/div><\/div>\n<div class=\"row \"><div class=\"wpv-grid grid-1-1  first unextended has-extended-padding\" style=\"padding-top:0.05px;padding-bottom:0.05px;\" id=\"wpv-column-3dba51b7bd6452320cd8ff8591f6af11\" ><\/div><\/div><\/div>\n<div class=\"wpv-grid grid-1-3  unextended no-extended-padding\" style=\"padding-top:0.05px;padding-bottom:0.05px;\" id=\"wpv-column-098f55e260efa0617d5bab5a48fc0b02\" ><div class=\"services has-more \" id=\"wpv-expandable-4a37b8e6d9fa3d5f4e60274e35ee74bc\">\n\t<div class=\"closed services-inside\">\n\t\t<div class=\"services-content-wrapper clearfix\">\n\t\t\t\t\t\t\t<div class=\"image-wrapper\"><span class='icon shortcode theme border use-hover' style='color:#9aed00;font-size:56px !important;'>&#57487;<\/span><\/div>\n\t\t\t\n\t\t\t\t\t\t\t<h3 class=\"title\">ELEKTROIN\u0160TAL\u00c1CIE<\/h3><br>\n\t\t\t\t\t\tKOMPLEXN\u00c9 SLU\u017dBY V OBLASTI ELEKTROIN\u0160TAL\u00c1CI\u00cd.<br \/>\nBLESKOZVODY-REV\u00cdZIE<\/p>\n\n\t\t<\/div>\n\t<\/div>\n\t<div class=\"open services-inside\">\n\t\t<div class=\"services-content-wrapper\">\n\t\t\t<div class=\"row\">\n\t\t\t\t\n<div class=\"push \" style=\"height:10px\"><\/div><p class=\"textcenter\"><a href=\"http:\/\/aplt.sk\/index.php\/aplt-elektroinstalacie\/\/\" target=\"_self\" style='font-size: 14px;' class=\"vamtam-button accent5  button-border hover-accent2 \"><span class=\"btext\" data-text=\"ZISTI\u0164 VIAC\">ZISTI\u0164 VIAC<\/span><\/a><\/p><div class=\"push \" style=\"height:10px\"><\/div>\n\t\t\t<\/div>\n\t\t<\/div>\n\t<\/div>\n<\/div>\n<style scoped>#wpv-expandable-4a37b8e6d9fa3d5f4e60274e35ee74bc .closed{background:url('http:\/\/aplt.sk\/wp-content\/uploads\/2019\/01\/slider2.jpg') scroll;background-size:cover;background-color:#47505b;}#wpv-expandable-4a37b8e6d9fa3d5f4e60274e35ee74bc .closed,#wpv-expandable-4a37b8e6d9fa3d5f4e60274e35ee74bc .closed p,#wpv-expandable-4a37b8e6d9fa3d5f4e60274e35ee74bc .closed .sep-text h2.regular-title-wrapper,#wpv-expandable-4a37b8e6d9fa3d5f4e60274e35ee74bc .closed .text-divider-double,#wpv-expandable-4a37b8e6d9fa3d5f4e60274e35ee74bc .closed .sep-text .sep-text-line,#wpv-expandable-4a37b8e6d9fa3d5f4e60274e35ee74bc .closed .sep,#wpv-expandable-4a37b8e6d9fa3d5f4e60274e35ee74bc .closed .sep-2,#wpv-expandable-4a37b8e6d9fa3d5f4e60274e35ee74bc .closed .sep-3,#wpv-expandable-4a37b8e6d9fa3d5f4e60274e35ee74bc .closed h1,#wpv-expandable-4a37b8e6d9fa3d5f4e60274e35ee74bc .closed h2,#wpv-expandable-4a37b8e6d9fa3d5f4e60274e35ee74bc .closed h3,#wpv-expandable-4a37b8e6d9fa3d5f4e60274e35ee74bc .closed h4,#wpv-expandable-4a37b8e6d9fa3d5f4e60274e35ee74bc .closed h5,#wpv-expandable-4a37b8e6d9fa3d5f4e60274e35ee74bc .closed h6,#wpv-expandable-4a37b8e6d9fa3d5f4e60274e35ee74bc .closed td,#wpv-expandable-4a37b8e6d9fa3d5f4e60274e35ee74bc .closed th,#wpv-expandable-4a37b8e6d9fa3d5f4e60274e35ee74bc .closed caption{color:#cbd0d6;}#wpv-expandable-4a37b8e6d9fa3d5f4e60274e35ee74bc .open{background:#9aed00;}#wpv-expandable-4a37b8e6d9fa3d5f4e60274e35ee74bc .open,#wpv-expandable-4a37b8e6d9fa3d5f4e60274e35ee74bc .open p,#wpv-expandable-4a37b8e6d9fa3d5f4e60274e35ee74bc .open .sep-text h2.regular-title-wrapper,#wpv-expandable-4a37b8e6d9fa3d5f4e60274e35ee74bc .open .text-divider-double,#wpv-expandable-4a37b8e6d9fa3d5f4e60274e35ee74bc .open .sep-text .sep-text-line,#wpv-expandable-4a37b8e6d9fa3d5f4e60274e35ee74bc .open .sep,#wpv-expandable-4a37b8e6d9fa3d5f4e60274e35ee74bc .open .sep-2,#wpv-expandable-4a37b8e6d9fa3d5f4e60274e35ee74bc .open .sep-3,#wpv-expandable-4a37b8e6d9fa3d5f4e60274e35ee74bc .open h1,#wpv-expandable-4a37b8e6d9fa3d5f4e60274e35ee74bc .open h2,#wpv-expandable-4a37b8e6d9fa3d5f4e60274e35ee74bc .open h3,#wpv-expandable-4a37b8e6d9fa3d5f4e60274e35ee74bc .open h4,#wpv-expandable-4a37b8e6d9fa3d5f4e60274e35ee74bc .open h5,#wpv-expandable-4a37b8e6d9fa3d5f4e60274e35ee74bc .open h6,#wpv-expandable-4a37b8e6d9fa3d5f4e60274e35ee74bc .open td,#wpv-expandable-4a37b8e6d9fa3d5f4e60274e35ee74bc .open th,#wpv-expandable-4a37b8e6d9fa3d5f4e60274e35ee74bc .open caption{color:#f9ffed;}<\/style>\n<\/div>\n<div class=\"wpv-grid grid-1-3  unextended no-extended-padding\" style=\"padding-top:0.05px;padding-bottom:0.05px;\" id=\"wpv-column-d82f8f134bdd428c22cdee74125c7003\" ><div class=\"services has-more \" id=\"wpv-expandable-19a70a97dbe0e6b7411831dff666bcdb\">\n\t<div class=\"closed services-inside\">\n\t\t<div class=\"services-content-wrapper clearfix\">\n\t\t\t\t\t\t\t<div class=\"image-wrapper\"><span class='icon shortcode  border use-hover' style='color:#9aed00;font-size:56px !important;'>&#57758;<\/span><\/div>\n\t\t\t\n\t\t\t\t\t\t\t<h3 class=\"title\">PREPRAVA \/ PREN\u00c1JOM<\/h3><br>\n\t\t\t\t\t\tPREN\u00c1JOM DOD\u00c1VKY &#8211; S\u0164AHOVANIE<br \/>\nPREPRAVA TOVARU<\/p>\n\n\t\t<\/div>\n\t<\/div>\n\t<div class=\"open services-inside\">\n\t\t<div class=\"services-content-wrapper\">\n\t\t\t<div class=\"row\">\n\t\t\t\t\n<div class=\"push \" style=\"height:10px\"><\/div>\n<p class=\"textcenter\"><a href=\"http:\/\/aplt.sk\/index.php\/prenajom-doprava-a-stahovanie\/\" target=\"_self\" style='font-size: 14px;' class=\"vamtam-button accent5  button-border hover-accent2 \"><span class=\"btext\" data-text=\"ZISTI\u0164 VIAC\">ZISTI\u0164 VIAC<\/span><\/a><\/p>\n<div class=\"push \" style=\"height:10px\"><\/div>\n\t\t\t<\/div>\n\t\t<\/div>\n\t<\/div>\n<\/div>\n<style scoped>#wpv-expandable-19a70a97dbe0e6b7411831dff666bcdb .closed{background:url('http:\/\/aplt.sk\/wp-content\/uploads\/2019\/01\/slider3.jpg') scroll;background-size:cover;background-color:#47505b;}#wpv-expandable-19a70a97dbe0e6b7411831dff666bcdb .closed,#wpv-expandable-19a70a97dbe0e6b7411831dff666bcdb .closed p,#wpv-expandable-19a70a97dbe0e6b7411831dff666bcdb .closed .sep-text h2.regular-title-wrapper,#wpv-expandable-19a70a97dbe0e6b7411831dff666bcdb .closed .text-divider-double,#wpv-expandable-19a70a97dbe0e6b7411831dff666bcdb .closed .sep-text .sep-text-line,#wpv-expandable-19a70a97dbe0e6b7411831dff666bcdb .closed .sep,#wpv-expandable-19a70a97dbe0e6b7411831dff666bcdb .closed .sep-2,#wpv-expandable-19a70a97dbe0e6b7411831dff666bcdb .closed .sep-3,#wpv-expandable-19a70a97dbe0e6b7411831dff666bcdb .closed h1,#wpv-expandable-19a70a97dbe0e6b7411831dff666bcdb .closed h2,#wpv-expandable-19a70a97dbe0e6b7411831dff666bcdb .closed h3,#wpv-expandable-19a70a97dbe0e6b7411831dff666bcdb .closed h4,#wpv-expandable-19a70a97dbe0e6b7411831dff666bcdb .closed h5,#wpv-expandable-19a70a97dbe0e6b7411831dff666bcdb .closed h6,#wpv-expandable-19a70a97dbe0e6b7411831dff666bcdb .closed td,#wpv-expandable-19a70a97dbe0e6b7411831dff666bcdb .closed th,#wpv-expandable-19a70a97dbe0e6b7411831dff666bcdb .closed caption{color:#cbd0d6;}#wpv-expandable-19a70a97dbe0e6b7411831dff666bcdb .open{background:#9aed00;}#wpv-expandable-19a70a97dbe0e6b7411831dff666bcdb .open,#wpv-expandable-19a70a97dbe0e6b7411831dff666bcdb .open p,#wpv-expandable-19a70a97dbe0e6b7411831dff666bcdb .open .sep-text h2.regular-title-wrapper,#wpv-expandable-19a70a97dbe0e6b7411831dff666bcdb .open .text-divider-double,#wpv-expandable-19a70a97dbe0e6b7411831dff666bcdb .open .sep-text .sep-text-line,#wpv-expandable-19a70a97dbe0e6b7411831dff666bcdb .open .sep,#wpv-expandable-19a70a97dbe0e6b7411831dff666bcdb .open .sep-2,#wpv-expandable-19a70a97dbe0e6b7411831dff666bcdb .open .sep-3,#wpv-expandable-19a70a97dbe0e6b7411831dff666bcdb .open h1,#wpv-expandable-19a70a97dbe0e6b7411831dff666bcdb .open h2,#wpv-expandable-19a70a97dbe0e6b7411831dff666bcdb .open h3,#wpv-expandable-19a70a97dbe0e6b7411831dff666bcdb .open h4,#wpv-expandable-19a70a97dbe0e6b7411831dff666bcdb .open h5,#wpv-expandable-19a70a97dbe0e6b7411831dff666bcdb .open h6,#wpv-expandable-19a70a97dbe0e6b7411831dff666bcdb .open td,#wpv-expandable-19a70a97dbe0e6b7411831dff666bcdb .open th,#wpv-expandable-19a70a97dbe0e6b7411831dff666bcdb .open caption{color:#f9ffed;}<\/style>\n<\/div><\/div><\/div><\/div><\/div><\/div>\n<div class=\"push \" style=\"height:30px\"><\/div>\n<div class=\"limit-wrapper\"><div class=\"row \"><div class=\"wpv-grid grid-1-1 add-border wpv-first-level first unextended animation-from-bottom animated-active has-extended-padding\" style=\"padding-top:0.05px;padding-bottom:0.05px;\" id=\"wpv-column-3db68cb564476284b2a5c56ac55a6263\" ><div class=\"row \"><div class=\"wpv-grid grid-1-1  first unextended left-border has-extended-padding\" style=\"padding-top:0.05px;padding-bottom:0.05px;\" id=\"wpv-column-d6ca836529f5ffe48205eabbfd82f5b6\" ><style>#wpv-column-d6ca836529f5ffe48205eabbfd82f5b6:before{background-color:#ededed;}<\/style><div class=\"row \"><div class=\"wpv-grid grid-1-2  first unextended no-extended-padding\" style=\"padding-top:0.05px;padding-bottom:0.05px;\" id=\"wpv-column-fc7893be8b93d6eb11ce5285a32152e6\" >\n<div  data-href=\"http:\/\/aplt.sk\/index.php\/cenniky\/\" tabindex=\"1\" data-target=\"_self\" class=\"linkarea clearfix accent7  background-accent5\">\n\t\t\t\t<div class=\"last\"><table>\n<tbody>\n<tr>\n<td><div class=\"push \" style=\"height:10px\"><\/div> <span class='icon shortcode theme  use-hover' style='color:#364352;font-size:42px !important;'>&#57474;<\/span><\/td>\n<td>\n<h3>CENN\u00cdK STAVBY A ELEKTROIN\u0160TAL\u00c1CIE<\/h3>\n<p>Cenn\u00edk slu\u017eieb spolo\u010dnosti APLT..<\/td>\n<td><div class=\"push \" style=\"height:30px\"><\/div> <p class=\"textcenter\"><a href=\"http:\/\/aplt.sk\/index.php\/cenniky\/\" target=\"_self\" style='font-size: 14px;' class=\"vamtam-button accent1  button-border hover-accent1 \"><span class=\"btext\" data-text=\"PREZRIE\u0164\">PREZRIE\u0164<\/span><\/a><\/p><\/td>\n<\/tr>\n<\/tbody>\n<\/table><\/div>\n\t<\/div><\/div>\n<div class=\"wpv-grid grid-1-2  unextended no-extended-padding\" style=\"padding-top:0.05px;padding-bottom:0.05px;\" id=\"wpv-column-92d3659fe80fed5aba7200770c6f482a\" >\n<div  data-href=\"https:\/\/aplt.sk\/index.php\/prenajom-doprava-a-stahovanie\/\" tabindex=\"1\" data-target=\"_self\" class=\"linkarea clearfix accent7  background-accent5\">\n\t\t\t\t<div class=\"last\"><table>\n<tbody>\n<tr>\n<td><div class=\"push \" style=\"height:10px\"><\/div> <span class='icon shortcode theme  use-hover' style='color:#364352;font-size:42px !important;'>&#57474;<\/span><\/td>\n<td>\n<h3>CENN\u00cdK PREPRAVA A PREN\u00c1JOM<\/h3>\n<p>Cenn\u00edk slu\u017eieb spolo\u010dnosti APLT..<\/td>\n<td><div class=\"push \" style=\"height:30px\"><\/div> <p class=\"textcenter\"><a href=\"http:\/\/aplt.sk\/index.php\/cenniky\/\" target=\"_self\" style='font-size: 14px;' class=\"vamtam-button accent1  button-border hover-accent1 \"><span class=\"btext\" data-text=\"PREZRIE\u0164\">PREZRIE\u0164<\/span><\/a><\/p><\/td>\n<\/tr>\n<\/tbody>\n<\/table><\/div>\n\t<\/div><\/div><\/div><\/div><\/div><\/div><\/div><\/div>\n<div class=\"push \" style=\"height:40px\"><\/div>\n","protected":false},"excerpt":{"rendered":"<p>O N\u00c1S. \u00a0Poskytujeme rie\u0161enia v oblasti elektroin\u0161tal\u00e1ci\u00ed a tak isto v stavebn\u00edctve. M\u00e1me za sebou mno\u017estvo odvedenej pr\u00e1ce a spokojn\u00fdch z\u00e1kazn\u00edkov. D\u00fafame \u017ee na na\u0161ej str\u00e1nke n\u00e1jdete v\u0161etky potrebn\u00e9 inform\u00e1cie a prid\u00e1te sa do skupiny spokojn\u00fdch klientov. Spolo\u010dnos\u0165 APLT s. r. o. je pokra\u010dovate\u013eom \u010dinnosti ktor\u00e1 bola prev\u00e1dzkovan\u00e1 od roku 2002 na \u017eivnos\u0165. Poskytujeme rie\u0161enia&#8230;<\/p>\n","protected":false},"author":1,"featured_media":0,"parent":0,"menu_order":0,"comment_status":"closed","ping_status":"open","template":"","meta":{"ngg_post_thumbnail":0},"_links":{"self":[{"href":"https:\/\/www.aplt.sk\/index.php\/wp-json\/wp\/v2\/pages\/11875"}],"collection":[{"href":"https:\/\/www.aplt.sk\/index.php\/wp-json\/wp\/v2\/pages"}],"about":[{"href":"https:\/\/www.aplt.sk\/index.php\/wp-json\/wp\/v2\/types\/page"}],"author":[{"embeddable":true,"href":"https:\/\/www.aplt.sk\/index.php\/wp-json\/wp\/v2\/users\/1"}],"replies":[{"embeddable":true,"href":"https:\/\/www.aplt.sk\/index.php\/wp-json\/wp\/v2\/comments?post=11875"}],"version-history":[{"count":93,"href":"https:\/\/www.aplt.sk\/index.php\/wp-json\/wp\/v2\/pages\/11875\/revisions"}],"predecessor-version":[{"id":12633,"href":"https:\/\/www.aplt.sk\/index.php\/wp-json\/wp\/v2\/pages\/11875\/revisions\/12633"}],"wp:attachment":[{"href":"https:\/\/www.aplt.sk\/index.php\/wp-json\/wp\/v2\/media?parent=11875"}],"curies":[{"name":"wp","href":"https:\/\/api.w.org\/{rel}","templated":true}]}}