{"id":11909,"date":"2019-01-28T14:44:08","date_gmt":"2019-01-28T13:44:08","guid":{"rendered":"http:\/\/aplt.sk\/?page_id=11909"},"modified":"2021-02-04T17:15:17","modified_gmt":"2021-02-04T16:15:17","slug":"aplt-elektroinstalacie","status":"publish","type":"page","link":"https:\/\/www.aplt.sk\/index.php\/aplt-elektroinstalacie\/","title":{"rendered":"ELEKTROIN\u0160TAL\u00c1CIE"},"content":{"rendered":"<div class=\"limit-wrapper\"><div class=\"row \"><div class=\"wpv-grid grid-1-1 move-into-slider wpv-first-level first unextended has-extended-padding\" style=\"padding-top:0.05px;padding-bottom:40px;\" id=\"wpv-column-ca4fa2ac0e68dc867420615feb01e690\" ><\/div><\/div><\/div>\n<div class=\"row \"><div class=\"wpv-grid grid-1-1  wpv-first-level parallax-bg first has-background extended-content unextended has-extended-padding\" style=\"background-color:#f9f8f8;padding-top:0.05px;padding-bottom:0.05px;padding-left:15px;padding-right:15px;\" id=\"wpv-column-150dbc499a2ce4776e55c7adf1fffa84\"  data-parallax-method=\"to-centre\" data-parallax-inertia=\"-0.3\"><div class=\"extended-column-inner\"><style>#wpv-column-150dbc499a2ce4776e55c7adf1fffa84 p,#wpv-column-150dbc499a2ce4776e55c7adf1fffa84 em,#wpv-column-150dbc499a2ce4776e55c7adf1fffa84 h1,#wpv-column-150dbc499a2ce4776e55c7adf1fffa84 h2,#wpv-column-150dbc499a2ce4776e55c7adf1fffa84 h3,#wpv-column-150dbc499a2ce4776e55c7adf1fffa84 h4,#wpv-column-150dbc499a2ce4776e55c7adf1fffa84 h5,#wpv-column-150dbc499a2ce4776e55c7adf1fffa84 h6,#wpv-column-150dbc499a2ce4776e55c7adf1fffa84 .column-title,#wpv-column-150dbc499a2ce4776e55c7adf1fffa84 .sep-text h2.regular-title-wrapper,#wpv-column-150dbc499a2ce4776e55c7adf1fffa84 .text-divider-double,#wpv-column-150dbc499a2ce4776e55c7adf1fffa84 .sep-text .sep-text-line,#wpv-column-150dbc499a2ce4776e55c7adf1fffa84 .sep,#wpv-column-150dbc499a2ce4776e55c7adf1fffa84 .sep-2,#wpv-column-150dbc499a2ce4776e55c7adf1fffa84 .sep-3,#wpv-column-150dbc499a2ce4776e55c7adf1fffa84 td,#wpv-column-150dbc499a2ce4776e55c7adf1fffa84 th,#wpv-column-150dbc499a2ce4776e55c7adf1fffa84 caption{color:#827070;}#wpv-column-150dbc499a2ce4776e55c7adf1fffa84:before{background-color:transparent;}<\/style><div class=\"row \"><div class=\"wpv-grid grid-1-1  first extended has-extended-padding\" style=\"padding-top:0.05px;padding-bottom:20px;\" id=\"wpv-column-4d85bb516881256c5f54afcae720120d\" ><div class=\"limit-wrapper\"><div class=\"extended-column-inner\"><h2 class='column-title'>ELEKTROIN\u0160TAL\u00c1CIE<\/h2><div class=\"row \"><div class=\"wpv-grid grid-1-1  first unextended no-extended-padding\" style=\"padding-top:0.05px;padding-bottom:0.05px;\" id=\"wpv-column-aecc633120c7301942fc5abd2699d1c6\" ><p style=\"text-align: center\"><strong>Realizujeme komplexn\u00e9 elektroin\u0161tala\u010dn\u00e9 pr\u00e1ce pre novostavby ako aj renov\u00e1ciu elektroin\u0161tal\u00e1ci\u00ed pre star\u0161ie objekty.<\/strong><\/p>\n<p style=\"text-align: center\">Ak sa stavia dom tam sa v\u0161etky pr\u00e1ce realizuj\u00fa pod\u013ea platn\u00fdch noriem a aj elektroin\u0161tal\u00e1cia je bez probl\u00e9mov. Rozmiestnenie el.z\u00e1suviek, vyp\u00edna\u010dov \u010di svetiel je mo\u017en\u00e9 realizova\u0165 pod\u013ea po\u017eiadaviek z\u00e1kazn\u00edka no hlavne sa v\u0161etko nadimenzuje tak aby nedoch\u00e1dzalo k pre\u0165a\u017eeniu elektroin\u0161tal\u00e1ci\u00ed. Ak v\u0161ak\u00a0 vlastn\u00edte alebo kupujete dom \u010di byt ktor\u00fd je star\u0161ieho d\u00e1ta je dobr\u00e9 si da\u0165 skontrolova\u0165 elektroin\u0161tal\u00e1ciu. S vysokou pravdepodobnos\u0165ou sa bude jedna\u0165 o vedenie z hlinikov\u00fdch k\u00e1blov. Tak\u00e9to vedenia u\u017e nesp\u013a\u0148aj\u00fa po\u017eiadavky na dne\u0161n\u00fa vybavenos\u0165 dom\u00e1cnost\u00ed a ani normy. Ale \u010do je najd\u00f4le\u017eitej\u0161ie je bezpe\u010dnos\u0165. Hlin\u00edkov\u00e9 k\u00e1ble u\u017e po rokoch u\u017e\u00edvania maj\u00fa \u010dasto po\u0161koden\u00e9 izol\u00e1cie n\u00e1sledkom \u010doho s\u00fa skraty ktor\u00e9 ved\u00fa k vzniku po\u017eiaru. Tak\u00e9to hlin\u00edkov\u00e9 vedenie sa pri dne\u0161n\u00fdch n\u00e1rokoch prehrievaj\u00fa ba a\u017e \u00faplne roztavia ak s\u00fa pre\u0165a\u017eovan\u00e9. Neraz sa st\u00e1va, \u017ee sa vyp\u00edna\u010de, alebo z\u00e1suvky roztavia, alebo aj za\u010dn\u00fa horie\u0165 \u010do m\u00f4\u017ee vies\u0165 k obrovsk\u00fdm \u0161kod\u00e1m na majetku a bohu\u017eia\u013e aj ku trag\u00e9di\u00e1m. Ako pred\u00eds\u0165 tak\u00fdmto pr\u00edpadom? Ak aj m\u00e1te elektroin\u0161tal\u00e1ciu z meden\u00fdch k\u00e1blov je dobr\u00e9 aspo\u0148 raz za 5 rokov si da\u0165 spravi\u0165 rev\u00edziu. V pr\u00edpade poistnej udalosti to od V\u00e1s m\u00f4\u017ee \u017eiada\u0165 pois\u0165ov\u0148a. A \u010do so starou hlin\u00edkovou elektroin\u0161tal\u00e1ciou? Najlep\u0161ie rie\u0161enie je v\u00fdmena za nov\u00fa pod\u013ea platn\u00fdch noriem. \u00c1no je to finan\u010dne n\u00e1ro\u010dnej\u0161ie no je to invest\u00edcia do bud\u00facnosti. Nielen \u017ee cena nehnute\u013enost\u00ed st\u00fapne ale aj bezpe\u010dnos\u0165. Ve\u010f \u010do by ste u\u0161etrili ak by v\u00e1m V\u00e1\u0161 majetok zhorel.<\/div><\/div>\n<div class=\"row \"><div class=\"wpv-grid grid-1-1  first unextended no-extended-padding\" style=\"padding-top:0.05px;padding-bottom:0.05px;\" id=\"wpv-column-b2eb2225a61e2da82b18c8c22311b6a3\" ><h2 style=\"text-align: center\">ZABEZPE\u010cUJEME<\/h2><\/div><\/div>\n<div class=\"row \"><div class=\"wpv-grid grid-1-5  first unextended no-extended-padding\" style=\"padding-top:0.05px;padding-bottom:0.05px;\" id=\"wpv-column-9911c7308b3d0a34e2fa6cd2ccae80a8\" ><div class=\"services clearfix fullimage no-image has-icon no-button \" style=\"text-align:center;\">\n\t<div class=\"services-inside\">\n\t\t\t\t\t\t\t\t\t<div class=\"thumbnail\">\n\t\t\t\t\t\t\t\t\t\t\t\t\t\t\t\t\t\t<span class='icon shortcode theme  use-hover' style='color:#ffffff;font-size:58px !important;'>&#58910;<\/span>\t\t\t\t\t\t\t\t\t\t\t\t\t\t\t<\/div>\n\t\t\t\t\t\t\t\t\t<div class=\"sep-2\"><\/div>\n\t\t\t\t\t\t\t\t\t\t\t\t\t\t<h4 class=\"services-title\">\n\t\t\t\t\t\t\t\t\tDod\u00e1vka materi\u00e1lu\t\t\t\t\t\t\t<\/h4>\n\t\t\t\t\t\t\t<div class=\"services-content\">\n<\/div>\n\t\t\t\t\t<\/div>\n<\/div>\n<\/div>\n<div class=\"wpv-grid grid-1-5  unextended no-extended-padding\" style=\"padding-top:0.05px;padding-bottom:0.05px;\" id=\"wpv-column-fc33f62c72e88d262f31fa2397ef710a\" ><div class=\"services clearfix fullimage no-image has-icon has-button \" style=\"text-align:center;\">\n\t<div class=\"services-inside\">\n\t\t\t\t\t\t\t\t\t<div class=\"thumbnail\">\n\t\t\t\t\t\t\t\t\t\t\t<a href=\"\/\" title=\"Kompletn\u00e1 mont\u00e1\u017e\" class=\"\">\n\t\t\t\t\t\t\t\t\t\t\t\t\t\t\t\t\t\t<span class='icon shortcode theme  use-hover' style='color:#ffffff;font-size:58px !important;'>&#57501;<\/span>\t\t\t\t\t\t\t\t\t\t\t\t\t\t\t\t\t<\/a>\n\t\t\t\t\t\t\t\t\t<\/div>\n\t\t\t\t\t\t\t\t\t<div class=\"sep-2\"><\/div>\n\t\t\t\t\t\t\t\t\t\t\t\t\t\t<h4 class=\"services-title\">\n\t\t\t\t\t\t\t\t\t<a href=\"\/\" title=\"Kompletn\u00e1 mont\u00e1\u017e\">Kompletn\u00e1 mont\u00e1\u017e<\/a>\n\t\t\t\t\t\t\t<\/h4>\n\t\t\t\t\t\t\t<div class=\"services-content\">\n<\/div>\n\t\t\t\t\t<\/div>\n<\/div>\n<\/div>\n<div class=\"wpv-grid grid-1-5  unextended no-extended-padding\" style=\"padding-top:0.05px;padding-bottom:0.05px;\" id=\"wpv-column-b20acc88a334fd0261945c961ce999d8\" ><div class=\"services clearfix fullimage no-image has-icon has-button \" style=\"text-align:center;\">\n\t<div class=\"services-inside\">\n\t\t\t\t\t\t\t\t\t<div class=\"thumbnail\">\n\t\t\t\t\t\t\t\t\t\t\t<a href=\"\/\" title=\"Bytov\u00e1 a priemyseln\u00e1 in\u0161tal\u00e1cia\" class=\"\">\n\t\t\t\t\t\t\t\t\t\t\t\t\t\t\t\t\t\t<span class='icon shortcode   use-hover' style='color:#ffffff;font-size:58px !important;'>&#57351;<\/span>\t\t\t\t\t\t\t\t\t\t\t\t\t\t\t\t\t<\/a>\n\t\t\t\t\t\t\t\t\t<\/div>\n\t\t\t\t\t\t\t\t\t<div class=\"sep-2\"><\/div>\n\t\t\t\t\t\t\t\t\t\t\t\t\t\t<h4 class=\"services-title\">\n\t\t\t\t\t\t\t\t\t<a href=\"\/\" title=\"Bytov\u00e1 a priemyseln\u00e1 in\u0161tal\u00e1cia\">Bytov\u00e1 a priemyseln\u00e1 in\u0161tal\u00e1cia<\/a>\n\t\t\t\t\t\t\t<\/h4>\n\t\t\t\t\t\t\t<div class=\"services-content\">\n<\/div>\n\t\t\t\t\t<\/div>\n<\/div>\n<\/div>\n<div class=\"wpv-grid grid-1-5  unextended no-extended-padding\" style=\"padding-top:0.05px;padding-bottom:0.05px;\" id=\"wpv-column-e2cd30d2185615c4f732ce4f86bfbcdc\" ><div class=\"services clearfix fullimage no-image has-icon has-button \" style=\"text-align:center;\">\n\t<div class=\"services-inside\">\n\t\t\t\t\t\t\t\t\t<div class=\"thumbnail\">\n\t\t\t\t\t\t\t\t\t\t\t<a href=\"\/\" title=\"Bleskozvody\" class=\"\">\n\t\t\t\t\t\t\t\t\t\t\t\t\t\t\t\t\t\t<span class='icon shortcode theme  use-hover' style='color:#ffffff;font-size:58px !important;'>&#57355;<\/span>\t\t\t\t\t\t\t\t\t\t\t\t\t\t\t\t\t<\/a>\n\t\t\t\t\t\t\t\t\t<\/div>\n\t\t\t\t\t\t\t\t\t<div class=\"sep-2\"><\/div>\n\t\t\t\t\t\t\t\t\t\t\t\t\t\t<h4 class=\"services-title\">\n\t\t\t\t\t\t\t\t\t<a href=\"\/\" title=\"Bleskozvody\">Bleskozvody<\/a>\n\t\t\t\t\t\t\t<\/h4>\n\t\t\t\t\t\t\t<div class=\"services-content\">\n<\/div>\n\t\t\t\t\t<\/div>\n<\/div>\n<\/div>\n<div class=\"wpv-grid grid-1-5  unextended no-extended-padding\" style=\"padding-top:0.05px;padding-bottom:0.05px;\" id=\"wpv-column-6a007eb391ff655c6ed1fba201fcfa67\" ><div class=\"services clearfix fullimage no-image has-icon has-button \" style=\"text-align:center;\">\n\t<div class=\"services-inside\">\n\t\t\t\t\t\t\t\t\t<div class=\"thumbnail\">\n\t\t\t\t\t\t\t\t\t\t\t<a href=\"\/\" title=\"Verejn\u00e9 osvetlenie\" class=\"\">\n\t\t\t\t\t\t\t\t\t\t\t\t\t\t\t\t\t\t<span class='icon shortcode   use-hover' style='color:#ffffff;font-size:58px !important;'>&#57852;<\/span>\t\t\t\t\t\t\t\t\t\t\t\t\t\t\t\t\t<\/a>\n\t\t\t\t\t\t\t\t\t<\/div>\n\t\t\t\t\t\t\t\t\t<div class=\"sep-2\"><\/div>\n\t\t\t\t\t\t\t\t\t\t\t\t\t\t<h4 class=\"services-title\">\n\t\t\t\t\t\t\t\t\t<a href=\"\/\" title=\"Verejn\u00e9 osvetlenie\">Verejn\u00e9 osvetlenie<\/a>\n\t\t\t\t\t\t\t<\/h4>\n\t\t\t\t\t\t\t<div class=\"services-content\">\n<\/div>\n\t\t\t\t\t<\/div>\n<\/div>\n<\/div><\/div>\n<div class=\"row \"><div class=\"wpv-grid grid-1-5  first unextended no-extended-padding\" style=\"padding-top:0.05px;padding-bottom:0.05px;\" id=\"wpv-column-bf5ae5ce5f0912ced726f7846c1a9916\" ><div class=\"services clearfix fullimage no-image has-icon has-button \" style=\"text-align:center;\">\n\t<div class=\"services-inside\">\n\t\t\t\t\t\t\t\t\t<div class=\"thumbnail\">\n\t\t\t\t\t\t\t\t\t\t\t<a href=\"\/\" title=\"Mont\u00e1\u017e a servis klimatiza\u010dn\u00fdch zariaden\u00ed\" class=\"\">\n\t\t\t\t\t\t\t\t\t\t\t\t\t\t\t\t\t\t<span class='icon shortcode   use-hover' style='color:#ffffff;font-size:58px !important;'>&#57854;<\/span>\t\t\t\t\t\t\t\t\t\t\t\t\t\t\t\t\t<\/a>\n\t\t\t\t\t\t\t\t\t<\/div>\n\t\t\t\t\t\t\t\t\t<div class=\"sep-2\"><\/div>\n\t\t\t\t\t\t\t\t\t\t\t\t\t\t<h4 class=\"services-title\">\n\t\t\t\t\t\t\t\t\t<a href=\"\/\" title=\"Mont\u00e1\u017e a servis klimatiza\u010dn\u00fdch zariaden\u00ed\">Mont\u00e1\u017e a servis klimatiza\u010dn\u00fdch zariaden\u00ed<\/a>\n\t\t\t\t\t\t\t<\/h4>\n\t\t\t\t\t\t\t<div class=\"services-content\">\n<\/div>\n\t\t\t\t\t<\/div>\n<\/div>\n<\/div>\n<div class=\"wpv-grid grid-1-5  unextended no-extended-padding\" style=\"padding-top:0.05px;padding-bottom:0.05px;\" id=\"wpv-column-c48417a96368418c3ba53d692cc6f3fb\" ><div class=\"services clearfix fullimage no-image has-icon has-button \" style=\"text-align:center;\">\n\t<div class=\"services-inside\">\n\t\t\t\t\t\t\t\t\t<div class=\"thumbnail\">\n\t\t\t\t\t\t\t\t\t\t\t<a href=\"\/\" title=\"Pr\u00edpojky\" class=\"\">\n\t\t\t\t\t\t\t\t\t\t\t\t\t\t\t\t\t\t<span class='icon shortcode   use-hover' style='color:#ffffff;font-size:58px !important;'>&#57799;<\/span>\t\t\t\t\t\t\t\t\t\t\t\t\t\t\t\t\t<\/a>\n\t\t\t\t\t\t\t\t\t<\/div>\n\t\t\t\t\t\t\t\t\t<div class=\"sep-2\"><\/div>\n\t\t\t\t\t\t\t\t\t\t\t\t\t\t<h4 class=\"services-title\">\n\t\t\t\t\t\t\t\t\t<a href=\"\/\" title=\"Pr\u00edpojky\">Pr\u00edpojky<\/a>\n\t\t\t\t\t\t\t<\/h4>\n\t\t\t\t\t\t\t<div class=\"services-content\">\n<\/div>\n\t\t\t\t\t<\/div>\n<\/div>\n<\/div>\n<div class=\"wpv-grid grid-1-5  unextended no-extended-padding\" style=\"padding-top:0.05px;padding-bottom:0.05px;\" id=\"wpv-column-f1ce0fab5f4693089a85208b2b60802c\" ><div class=\"services clearfix fullimage no-image has-icon has-button \" style=\"text-align:center;\">\n\t<div class=\"services-inside\">\n\t\t\t\t\t\t\t\t\t<div class=\"thumbnail\">\n\t\t\t\t\t\t\t\t\t\t\t<a href=\"\/\" title=\"Rev\u00edzie\" class=\"\">\n\t\t\t\t\t\t\t\t\t\t\t\t\t\t\t\t\t\t<span class='icon shortcode   use-hover' style='color:#ffffff;font-size:58px !important;'>&#57841;<\/span>\t\t\t\t\t\t\t\t\t\t\t\t\t\t\t\t\t<\/a>\n\t\t\t\t\t\t\t\t\t<\/div>\n\t\t\t\t\t\t\t\t\t<div class=\"sep-2\"><\/div>\n\t\t\t\t\t\t\t\t\t\t\t\t\t\t<h4 class=\"services-title\">\n\t\t\t\t\t\t\t\t\t<a href=\"\/\" title=\"Rev\u00edzie\">Rev\u00edzie<\/a>\n\t\t\t\t\t\t\t<\/h4>\n\t\t\t\t\t\t\t<div class=\"services-content\">\n<\/div>\n\t\t\t\t\t<\/div>\n<\/div>\n<\/div>\n<div class=\"wpv-grid grid-1-5  unextended no-extended-padding\" style=\"padding-top:0.05px;padding-bottom:0.05px;\" id=\"wpv-column-b129a5c02078f4701d213b21c27dc6aa\" ><div class=\"services clearfix fullimage no-image has-icon has-button \" style=\"text-align:center;\">\n\t<div class=\"services-inside\">\n\t\t\t\t\t\t\t\t\t<div class=\"thumbnail\">\n\t\t\t\t\t\t\t\t\t\t\t<a href=\"\/\" title=\"Zistenie z\u00e1vad a ich odstr\u00e1nenie\" class=\"\">\n\t\t\t\t\t\t\t\t\t\t\t\t\t\t\t\t\t\t<span class='icon shortcode theme  use-hover' style='color:#ffffff;font-size:58px !important;'>&#57406;<\/span>\t\t\t\t\t\t\t\t\t\t\t\t\t\t\t\t\t<\/a>\n\t\t\t\t\t\t\t\t\t<\/div>\n\t\t\t\t\t\t\t\t\t<div class=\"sep-2\"><\/div>\n\t\t\t\t\t\t\t\t\t\t\t\t\t\t<h4 class=\"services-title\">\n\t\t\t\t\t\t\t\t\t<a href=\"\/\" title=\"Zistenie z\u00e1vad a ich odstr\u00e1nenie\">Zistenie z\u00e1vad a ich odstr\u00e1nenie<\/a>\n\t\t\t\t\t\t\t<\/h4>\n\t\t\t\t\t\t\t<div class=\"services-content\">\n<\/div>\n\t\t\t\t\t<\/div>\n<\/div>\n<\/div>\n<div class=\"wpv-grid grid-1-5  unextended no-extended-padding\" style=\"padding-top:0.05px;padding-bottom:0.05px;\" id=\"wpv-column-ddda46bae8f58916121523bf2830b8e2\" ><div class=\"services clearfix fullimage no-image has-icon has-button \" style=\"text-align:center;\">\n\t<div class=\"services-inside\">\n\t\t\t\t\t\t\t\t\t<div class=\"thumbnail\">\n\t\t\t\t\t\t\t\t\t\t\t<a href=\"\/\" title=\"V\u00fdmena star\u00fdch el. rozvodov za nov\u00e9\" class=\"\">\n\t\t\t\t\t\t\t\t\t\t\t\t\t\t\t\t\t\t<span class='icon shortcode   use-hover' style='color:#ffffff;font-size:58px !important;'>&#57999;<\/span>\t\t\t\t\t\t\t\t\t\t\t\t\t\t\t\t\t<\/a>\n\t\t\t\t\t\t\t\t\t<\/div>\n\t\t\t\t\t\t\t\t\t<div class=\"sep-2\"><\/div>\n\t\t\t\t\t\t\t\t\t\t\t\t\t\t<h4 class=\"services-title\">\n\t\t\t\t\t\t\t\t\t<a href=\"\/\" title=\"V\u00fdmena star\u00fdch el. rozvodov za nov\u00e9\">V\u00fdmena star\u00fdch el. rozvodov za nov\u00e9<\/a>\n\t\t\t\t\t\t\t<\/h4>\n\t\t\t\t\t\t\t<div class=\"services-content\">\n<\/div>\n\t\t\t\t\t<\/div>\n<\/div>\n<\/div><\/div>\n<div class=\"row \"><div class=\"wpv-grid grid-1-5  first unextended no-extended-padding\" style=\"padding-top:0.05px;padding-bottom:0.05px;\" id=\"wpv-column-ba861874d87275d798c6d84db28c16f7\" ><div class=\"services clearfix fullimage no-image has-icon has-button \" style=\"text-align:center;\">\n\t<div class=\"services-inside\">\n\t\t\t\t\t\t\t\t\t<div class=\"thumbnail\">\n\t\t\t\t\t\t\t\t\t\t\t<a href=\"\/\" title=\"Konzult\u00e1cie\" class=\"\">\n\t\t\t\t\t\t\t\t\t\t\t\t\t\t\t\t\t\t<span class='icon shortcode theme  use-hover' style='color:#ffffff;font-size:58px !important;'>&#57559;<\/span>\t\t\t\t\t\t\t\t\t\t\t\t\t\t\t\t\t<\/a>\n\t\t\t\t\t\t\t\t\t<\/div>\n\t\t\t\t\t\t\t\t\t<div class=\"sep-2\"><\/div>\n\t\t\t\t\t\t\t\t\t\t\t\t\t\t<h4 class=\"services-title\">\n\t\t\t\t\t\t\t\t\t<a href=\"\/\" title=\"Konzult\u00e1cie\">Konzult\u00e1cie<\/a>\n\t\t\t\t\t\t\t<\/h4>\n\t\t\t\t\t\t\t<div class=\"services-content\">\n<\/div>\n\t\t\t\t\t<\/div>\n<\/div>\n<\/div>\n<div class=\"wpv-grid grid-1-5  unextended no-extended-padding\" style=\"padding-top:0.05px;padding-bottom:0.05px;\" id=\"wpv-column-8657832f5fcc9b3989f41afe40282d09\" ><div class=\"services clearfix fullimage no-image has-icon has-button \" style=\"text-align:center;\">\n\t<div class=\"services-inside\">\n\t\t\t\t\t\t\t\t\t<div class=\"thumbnail\">\n\t\t\t\t\t\t\t\t\t\t\t<a href=\"\/\" title=\"Projektov\u00e9 dokument\u00e1cie\" class=\"\">\n\t\t\t\t\t\t\t\t\t\t\t\t\t\t\t\t\t\t<span class='icon shortcode   use-hover' style='color:#ffffff;font-size:58px !important;'>&#58233;<\/span>\t\t\t\t\t\t\t\t\t\t\t\t\t\t\t\t\t<\/a>\n\t\t\t\t\t\t\t\t\t<\/div>\n\t\t\t\t\t\t\t\t\t<div class=\"sep-2\"><\/div>\n\t\t\t\t\t\t\t\t\t\t\t\t\t\t<h4 class=\"services-title\">\n\t\t\t\t\t\t\t\t\t<a href=\"\/\" title=\"Projektov\u00e9 dokument\u00e1cie\">Projektov\u00e9 dokument\u00e1cie<\/a>\n\t\t\t\t\t\t\t<\/h4>\n\t\t\t\t\t\t\t<div class=\"services-content\">\n<\/div>\n\t\t\t\t\t<\/div>\n<\/div>\n<\/div>\n<div class=\"wpv-grid grid-1-5  unextended no-extended-padding\" style=\"padding-top:0.05px;padding-bottom:0.05px;\" id=\"wpv-column-2bf3b117b0e9ea5242e3ae6100091cb3\" ><div class=\"services clearfix fullimage no-image has-icon has-button \" style=\"text-align:center;\">\n\t<div class=\"services-inside\">\n\t\t\t\t\t\t\t\t\t<div class=\"thumbnail\">\n\t\t\t\t\t\t\t\t\t\t\t<a href=\"\/\" title=\"Cennov\u00e9 ponuky\" class=\"\">\n\t\t\t\t\t\t\t\t\t\t\t\t\t\t\t\t\t\t<span class='icon shortcode   use-hover' style='color:#ffffff;font-size:58px !important;'>&#57459;<\/span>\t\t\t\t\t\t\t\t\t\t\t\t\t\t\t\t\t<\/a>\n\t\t\t\t\t\t\t\t\t<\/div>\n\t\t\t\t\t\t\t\t\t<div class=\"sep-2\"><\/div>\n\t\t\t\t\t\t\t\t\t\t\t\t\t\t<h4 class=\"services-title\">\n\t\t\t\t\t\t\t\t\t<a href=\"\/\" title=\"Cennov\u00e9 ponuky\">Cennov\u00e9 ponuky<\/a>\n\t\t\t\t\t\t\t<\/h4>\n\t\t\t\t\t\t\t<div class=\"services-content\">\n<\/div>\n\t\t\t\t\t<\/div>\n<\/div>\n<\/div><\/div>\n<div class=\"row \"><div class=\"wpv-grid grid-1-1  first unextended no-extended-padding\" style=\"padding-top:0.05px;padding-bottom:0.05px;\" id=\"wpv-column-8da2d65a3babc50f822705399ba772eb\" ><h2 style=\"text-align: center\"><\/h2><\/div><\/div><\/div><\/div><\/div><\/div><\/div><\/div><\/div>\n<div class=\"push  wpv-hide-lowres\" style=\"height:40px\"><\/div>\n<div class=\"row \"><div class=\"wpv-grid grid-1-1  wpv-first-level first has-background extended animation-from-bottom animated-active has-extended-padding\" style=\"background-color:#F4F4F4;padding-top:40px;padding-bottom:40px;\" id=\"wpv-column-0ab863760df3289490c7cfd3e03e0fe7\" ><div class=\"limit-wrapper\"><div class=\"extended-column-inner\"><style>#wpv-column-0ab863760df3289490c7cfd3e03e0fe7 p,#wpv-column-0ab863760df3289490c7cfd3e03e0fe7 em,#wpv-column-0ab863760df3289490c7cfd3e03e0fe7 h1,#wpv-column-0ab863760df3289490c7cfd3e03e0fe7 h2,#wpv-column-0ab863760df3289490c7cfd3e03e0fe7 h3,#wpv-column-0ab863760df3289490c7cfd3e03e0fe7 h4,#wpv-column-0ab863760df3289490c7cfd3e03e0fe7 h5,#wpv-column-0ab863760df3289490c7cfd3e03e0fe7 h6,#wpv-column-0ab863760df3289490c7cfd3e03e0fe7 .column-title,#wpv-column-0ab863760df3289490c7cfd3e03e0fe7 .sep-text h2.regular-title-wrapper,#wpv-column-0ab863760df3289490c7cfd3e03e0fe7 .text-divider-double,#wpv-column-0ab863760df3289490c7cfd3e03e0fe7 .sep-text .sep-text-line,#wpv-column-0ab863760df3289490c7cfd3e03e0fe7 .sep,#wpv-column-0ab863760df3289490c7cfd3e03e0fe7 .sep-2,#wpv-column-0ab863760df3289490c7cfd3e03e0fe7 .sep-3,#wpv-column-0ab863760df3289490c7cfd3e03e0fe7 td,#wpv-column-0ab863760df3289490c7cfd3e03e0fe7 th,#wpv-column-0ab863760df3289490c7cfd3e03e0fe7 caption{color:#757575;}#wpv-column-0ab863760df3289490c7cfd3e03e0fe7:before{background-color:transparent;}<\/style><\/div><\/div><\/div><\/div>\n<div class=\"limit-wrapper\"><div class=\"row \"><div class=\"wpv-grid grid-1-1  wpv-first-level first unextended no-extended-padding\" style=\"padding-top:0.05px;padding-bottom:0.05px;\" id=\"wpv-column-be0307c2927bbdcb427da762197a67ea\" >\n<div  data-target=\"_self\" class=\"linkarea clearfix accent1  background-transparent\">\n\t\t\t\t<div class=\"last\"><table>\n<tbody>\n<tr>\n<td><div class=\"push \" style=\"height:10px\"><\/div> <span class='icon shortcode theme  use-hover' style='color:#364352;font-size:42px !important;'>&#57474;<\/span><\/td>\n<td>\n<h3>CENN\u00cdK<\/h3>\n<p>Cenn\u00edk slu\u017eieb spolo\u010dnosti APLT..<\/td>\n<td><div class=\"push \" style=\"height:30px\"><\/div> <p class=\"textcenter\"><a href=\"http:\/\/aplt.sk\/index.php\/cenniky\/\" target=\"_self\" style='font-size: 14px;' class=\"vamtam-button accent1  button-border hover-accent1 \"><span class=\"btext\" data-text=\"PREZRIE\u0164\">PREZRIE\u0164<\/span><\/a><\/p><\/td>\n<\/tr>\n<\/tbody>\n<\/table><\/div>\n\t<\/div><\/div><\/div><\/div>\n<div class=\"limit-wrapper\"><div class=\"row \"><div class=\"wpv-grid grid-1-1  wpv-first-level first unextended no-extended-padding\" style=\"padding-top:0.05px;padding-bottom:0.05px;\" id=\"wpv-column-b77561093a794de2eff1a19b1026ec63\" ><div class=\"slogan clearfix  has-button\">\n\t<div class=\"slogan-content\">\n\t\t\n<h1>Potrebujete poradi\u0165?<\/h1>\n\t<\/div>\n\t\t<div class=\"button-wrp\">\n\t\t<a href=\"https:\/\/aplt.sk\/index.php\/aplt-kontakty\/\" class=\"vamtam-button accent2  button-filled hover-accent1 \"><span class='icon shortcode theme  use-hover' style=''>&#57361;<\/span><span class=\"btext\" data-text=\"kontaktova\u0165\">kontaktova\u0165<\/span><\/a>\t<\/div>\n\t<\/div>\n<\/div><\/div><\/div>\n","protected":false},"excerpt":{"rendered":"<p>Realizujeme komplexn\u00e9 elektroin\u0161tala\u010dn\u00e9 pr\u00e1ce pre novostavby ako aj renov\u00e1ciu elektroin\u0161tal\u00e1ci\u00ed pre star\u0161ie objekty. Ak sa stavia dom tam sa v\u0161etky pr\u00e1ce realizuj\u00fa pod\u013ea platn\u00fdch noriem a aj elektroin\u0161tal\u00e1cia je bez probl\u00e9mov. Rozmiestnenie el.z\u00e1suviek, vyp\u00edna\u010dov \u010di svetiel je mo\u017en\u00e9 realizova\u0165 pod\u013ea po\u017eiadaviek z\u00e1kazn\u00edka no hlavne sa v\u0161etko nadimenzuje tak aby nedoch\u00e1dzalo k pre\u0165a\u017eeniu elektroin\u0161tal\u00e1ci\u00ed. Ak v\u0161ak\u00a0&#8230;<\/p>\n","protected":false},"author":1,"featured_media":0,"parent":0,"menu_order":0,"comment_status":"closed","ping_status":"closed","template":"","meta":{"ngg_post_thumbnail":0},"_links":{"self":[{"href":"https:\/\/www.aplt.sk\/index.php\/wp-json\/wp\/v2\/pages\/11909"}],"collection":[{"href":"https:\/\/www.aplt.sk\/index.php\/wp-json\/wp\/v2\/pages"}],"about":[{"href":"https:\/\/www.aplt.sk\/index.php\/wp-json\/wp\/v2\/types\/page"}],"author":[{"embeddable":true,"href":"https:\/\/www.aplt.sk\/index.php\/wp-json\/wp\/v2\/users\/1"}],"replies":[{"embeddable":true,"href":"https:\/\/www.aplt.sk\/index.php\/wp-json\/wp\/v2\/comments?post=11909"}],"version-history":[{"count":24,"href":"https:\/\/www.aplt.sk\/index.php\/wp-json\/wp\/v2\/pages\/11909\/revisions"}],"predecessor-version":[{"id":12632,"href":"https:\/\/www.aplt.sk\/index.php\/wp-json\/wp\/v2\/pages\/11909\/revisions\/12632"}],"wp:attachment":[{"href":"https:\/\/www.aplt.sk\/index.php\/wp-json\/wp\/v2\/media?parent=11909"}],"curies":[{"name":"wp","href":"https:\/\/api.w.org\/{rel}","templated":true}]}}