{"id":11923,"date":"2019-01-28T15:06:14","date_gmt":"2019-01-28T14:06:14","guid":{"rendered":"http:\/\/aplt.sk\/?page_id=11923"},"modified":"2026-02-11T21:52:50","modified_gmt":"2026-02-11T20:52:50","slug":"prenajom-doprava-a-stahovanie","status":"publish","type":"page","link":"https:\/\/www.aplt.sk\/index.php\/prenajom-doprava-a-stahovanie\/","title":{"rendered":"PREN\u00c1JOM DOD\u00c1VKY\/ PREPRAVA\/ S\u0164AHOVANIE"},"content":{"rendered":"<div class=\"limit-wrapper\"><div class=\"row has-price\"><div class=\"wpv-grid grid-1-1  wpv-first-level first unextended has-extended-padding\" style=\"padding-top:0.05px;padding-bottom:0.05px;\" id=\"wpv-column-799b272caf19711f7238e59efd232972\" ><div class=\"row has-price\"><div class=\"wpv-grid grid-1-1  first unextended no-extended-padding\" style=\"padding-top:0.05px;padding-bottom:0.05px;\" id=\"wpv-column-a207ae047ff7d6056eb63f793c8e0488\" ><div class=\"price-outer-wrapper\">\n\t<div class=\"price-wrapper \">\n\t\t<h3 class=\"price-title\"><\/h3>\n\t\t<div class=\"price\" style=\"text-align:justify\">\n\t\t\t<div class=\"value-box\">\n\t\t\t\t<div class=\"value-box-content\">\n\t\t\t\t\t<span class=\"value\">\n\t\t\t\t\t\t<i><\/i><span class=\"number\">Pren\u00e1jom od 40 eur<\/span>\n\t\t\t\t\t<\/span>\n\t\t\t\t\t<span class=\"meta \">DOD\u00c1VKA RENAULT MASTER<\/span>\n\t\t\t\t<\/div>\n\t\t\t<\/div>\n\n\t\t\t<div class=\"content-box\">\n\t\t\t\t\n<p style=\"text-align: center\">\u00a0 \u00a0 \u00a0 \u00a0 \u00a0 \u00a0Cena pren\u00e1jmu : do 4 hod\u00edn\/40 eur.\u00a0 do 24 hod\u00edn\/55 eur.<\/p>\n<p style=\"text-align: center\">V\u00edkend 150 eur \/ od piatka 08:00 hod. do pondelka 08:00 hod.\/.<\/p>\n<p style=\"text-align: center\">Pondelok a\u017e nede\u013ea v \u010dase 08:00-20:00 hod. je odovzdanie a vr\u00e1tenie vozidla bezplatne .<\/p>\n<p style=\"text-align: center\">\u00a0 \u00a0V inom \u010dase je poplatok 5 eur.<\/p>\n<p style=\"text-align: center\">Pri prevzat\u00ed vozidla sa potrebujete preuk\u00e1za\u0165 vodi\u010dsk\u00fdm preukazom a ob\u010dianskym preukazom vydan\u00fdm v SR<\/p>\n<p style=\"text-align: center\"><strong>\u00a0Z\u00e1loha 400 eur.<\/strong><\/p>\n<p style=\"text-align: center\">Spotreba PHM je 10 litrov na 100 km.<\/p>\n<p style=\"text-align: center\">Spotrebovan\u00e9 PHM sa dopl\u00e1ca pod\u013ea odjazden\u00fdch kilometrov pri vr\u00e1ten\u00ed vozidla.<\/p>\n<p style=\"text-align: center\">Po\u010det km: <strong>neobmedzene.<\/strong><\/p>\n<p style=\"text-align: center\">\u00dalo\u017en\u00fd priestor v,d,\u0161:2,2*3,7*1,7m<br \/>\nMax. nosnos\u0165: <strong>1200 kg \/s osobami vo vozidle\/<\/strong><\/p>\n<p style=\"text-align: center\">Kamerov\u00e9 a monitorovacie zariadenie<br \/>\nDia\u013eni\u010dn\u00e1 zn\u00e1mka SR<br \/>\nPZP<\/p>\n<p style=\"text-align: center\"><strong>\u00a0Ceny pren\u00e1jmu s\u00fa bez DPH.<\/strong>\u00a0 \u00a0 \u00a0 \u00a0 \u00a0 \u00a0 \u00a0 \u00a0 \u00a0 \u00a0 \u00a0 \u00a0 \u00a0 \u00a0 \u00a0 \u00a0 \u00a0 \u00a0 \u00a0 \u00a0 \u00a0 \u00a0 \u00a0 \u00a0 \u00a0 \u00a0 \u00a0 \u00a0 \u00a0 \u00a0 \u00a0 \u00a0 \u00a0 \u00a0 \u00a0 \u00a0 \u00a0 \u00a0 \u00a0 \u00a0 \u00a0 \u00a0 \u00a0 \u00a0 \u00a0 \u00a0 \u00a0<strong> \u00a0Sme platcami DPH.<\/strong><\/p>\n<p style=\"text-align: center\">\n\t\t\t<\/div>\n\t\t\t<div class=\"meta-box\">\n\t\t\t\t\t\t\t\t<a href=\"https:\/\/www.aplt.sk\/index.php\/prenajom-vozidla\/\" class=\"vamtam-button accent1  button-border hover-accent1 \"><span class=\"btext\" data-text=\"OBJEDN\u00c1VKOV\u00dd FORMUL\u00c1R\">OBJEDN\u00c1VKOV\u00dd FORMUL\u00c1R<\/span><\/a>\t\t\t<\/div>\n\t\t<\/div>\n\t<\/div>\n<\/div><\/div><\/div>\n<div class=\"row has-price\"><div class=\"wpv-grid grid-1-1  first unextended no-extended-padding\" style=\"padding-top:0.05px;padding-bottom:0.05px;\" id=\"wpv-column-71dabf65fc46b2f1fac304e7473bd321\" ><div class=\"price-outer-wrapper\">\n\t<div class=\"price-wrapper \">\n\t\t<h3 class=\"price-title\"><\/h3>\n\t\t<div class=\"price\" style=\"text-align:justify\">\n\t\t\t<div class=\"value-box\">\n\t\t\t\t<div class=\"value-box-content\">\n\t\t\t\t\t<span class=\"value\">\n\t\t\t\t\t\t<i><\/i><span class=\"number\">Preprava<\/span>\n\t\t\t\t\t<\/span>\n\t\t\t\t\t<span class=\"meta \">DOD\u00c1VKA RENAULT MASTER<\/span>\n\t\t\t\t<\/div>\n\t\t\t<\/div>\n\n\t\t\t<div class=\"content-box\">\n\t\t\t\t\n<p style=\"text-align: center\"><strong>Cena za km v EUR<\/strong><\/p>\n<p style=\"text-align: center\">1-9km\/14,-<br \/>\n10-19km\/19,-<br \/>\n20-29km\/25,-<br \/>\n30-39km\/29,-<br \/>\n40-49km\/35,-<br \/>\n50-59km\/39,-<br \/>\n60-69km\/44,-<br \/>\n70-79km\/49,-<br \/>\n80-89km\/54,-<br \/>\n90-99km\/59,-<br \/>\nnad 100km je 1km\/0,60,-<\/p>\n<div>\n<div style=\"text-align: center\"><\/div>\n<div style=\"text-align: center\">\n<div>\u00dalo\u017en\u00fd priestor <strong>v,d,\u0161:2,2*3,7*1,7m\u00a0<\/strong><br \/>\nRozmery vozidla <strong>v:2,75 d:5,80 \u0161:2,10 m<\/strong><br \/>\nMax.nosnos\u0165: <strong>1200kg z osobami vo vozidle<\/strong><\/div>\n<div><strong>Ka\u017ed\u00e1 za\u010dat\u00e1 hodina st\u00e1tia vozidla 15 EUR<\/strong><\/div>\n<\/div>\n<div style=\"text-align: center\"><\/div>\n<\/div>\n\t\t\t<\/div>\n\t\t\t<div class=\"meta-box\">\n\t\t\t\t\t\t\t\t<a href=\"https:\/\/www.aplt.sk\/index.php\/prenajom-vozidla\/\" class=\"vamtam-button accent1  button-border hover-accent1 \"><span class=\"btext\" data-text=\"OBJEDN\u00c1VKOV\u00dd FORMUL\u00c1R\">OBJEDN\u00c1VKOV\u00dd FORMUL\u00c1R<\/span><\/a>\t\t\t<\/div>\n\t\t<\/div>\n\t<\/div>\n<\/div><\/div><\/div>\n<div class=\"row has-price\"><div class=\"wpv-grid grid-1-1  first unextended no-extended-padding\" style=\"padding-top:0.05px;padding-bottom:0.05px;\" id=\"wpv-column-c9bf0f2ecf9ae3f8373b55b02c369a11\" ><div class=\"price-outer-wrapper\">\n\t<div class=\"price-wrapper \">\n\t\t<h3 class=\"price-title\"><\/h3>\n\t\t<div class=\"price\" style=\"text-align:justify\">\n\t\t\t<div class=\"value-box\">\n\t\t\t\t<div class=\"value-box-content\">\n\t\t\t\t\t<span class=\"value\">\n\t\t\t\t\t\t<i><\/i><span class=\"number\">S\u0165ahovanie<\/span>\n\t\t\t\t\t<\/span>\n\t\t\t\t\t<span class=\"meta \">DOD\u00c1VKA RENAULT MASTER<\/span>\n\t\t\t\t<\/div>\n\t\t\t<\/div>\n\n\t\t\t<div class=\"content-box\">\n\t\t\t\t\n<p style=\"text-align: center\">1 miestnos\u0165 10m3\/od 50,- 2 hod.\/2 \u013eudia<br \/>\n2 miestnosti 18m3\/od 96,- 4 hod.\/2 \u013eudia<br \/>\n3\u00a0miestnosti 26m3\/od 144,- 6 hod.\/2 \u013eudia<br \/>\n4\u00a0miestnosti 34m3\/od 192,- 8 hod.\/2 \u013eudia<br \/>\n5\u00a0miestnost\u00ed 42m3 \/od 240,- 10 hod.\/2 \u013eudia<br \/>\ndom\/od 300,- 6 hod.\/ 5 \u013eudia<br \/>\ns v\u00fd\u0165ahom 1 poschodie\/3,-\/1 miestnos\u0165<br \/>\nbez v\u00fd\u0165ahu 1 poschodie\/6,50,-\/1 miestnos\u0165<\/p>\n<p style=\"text-align: center\">Ka\u017ed\u00e1 \u010fal\u0161ia za\u010dat\u00e1 hodina = <strong>15 EUR<\/strong><\/p>\n<p style=\"text-align: center\"><strong>S\u0164AHOVANIE KANCEL\u00c1RI\u00cd<\/strong><\/p>\n<p style=\"text-align: center\">1 pracovn\u00e9 miesto (pracovn\u00fd st\u00f4l, stoli\u010dka, mal\u00e1 skrinka, ve\u013ek\u00e1 skri\u0148a, 10 krab\u00edc dokumentov, telef\u00f3n,fax,po\u010d\u00edta\u010d,zaklada\u010d dokumentov)\u00a0\/20,-<br \/>\ns v\u00fd\u0165ahom 1 poschodie\/3,-\/ 1 pracovn\u00e9 miesto<br \/>\nbez v\u00fd\u0165ahu 1 poschodie\/6,50,-\/1 pracovn\u00e9 miesto\t\t\t<\/div>\n\t\t\t<div class=\"meta-box\">\n\t\t\t\t\t\t\t\t<a href=\"https:\/\/www.aplt.sk\/index.php\/prenajom-vozidla\/\" class=\"vamtam-button accent1  button-border hover-accent1 \"><span class=\"btext\" data-text=\"OBJEDN\u00c1VKOV\u00dd FORMUL\u00c1R\">OBJEDN\u00c1VKOV\u00dd FORMUL\u00c1R<\/span><\/a>\t\t\t<\/div>\n\t\t<\/div>\n\t<\/div>\n<\/div><\/div><\/div><\/div><\/div><\/div>\n","protected":false},"excerpt":{"rendered":"","protected":false},"author":1,"featured_media":0,"parent":0,"menu_order":0,"comment_status":"closed","ping_status":"open","template":"","meta":{"ngg_post_thumbnail":0},"_links":{"self":[{"href":"https:\/\/www.aplt.sk\/index.php\/wp-json\/wp\/v2\/pages\/11923"}],"collection":[{"href":"https:\/\/www.aplt.sk\/index.php\/wp-json\/wp\/v2\/pages"}],"about":[{"href":"https:\/\/www.aplt.sk\/index.php\/wp-json\/wp\/v2\/types\/page"}],"author":[{"embeddable":true,"href":"https:\/\/www.aplt.sk\/index.php\/wp-json\/wp\/v2\/users\/1"}],"replies":[{"embeddable":true,"href":"https:\/\/www.aplt.sk\/index.php\/wp-json\/wp\/v2\/comments?post=11923"}],"version-history":[{"count":74,"href":"https:\/\/www.aplt.sk\/index.php\/wp-json\/wp\/v2\/pages\/11923\/revisions"}],"predecessor-version":[{"id":12812,"href":"https:\/\/www.aplt.sk\/index.php\/wp-json\/wp\/v2\/pages\/11923\/revisions\/12812"}],"wp:attachment":[{"href":"https:\/\/www.aplt.sk\/index.php\/wp-json\/wp\/v2\/media?parent=11923"}],"curies":[{"name":"wp","href":"https:\/\/api.w.org\/{rel}","templated":true}]}}