{"id":12003,"date":"2019-01-30T12:59:08","date_gmt":"2019-01-30T11:59:08","guid":{"rendered":"http:\/\/aplt.sk\/?page_id=12003"},"modified":"2019-03-10T11:34:06","modified_gmt":"2019-03-10T10:34:06","slug":"referencie","status":"publish","type":"page","link":"https:\/\/www.aplt.sk\/index.php\/referencie\/","title":{"rendered":"REFERENCIE"},"content":{"rendered":"<div class=\"limit-wrapper\"><div class=\"row has-price\"><div class=\"wpv-grid grid-1-1  wpv-first-level first unextended has-extended-padding\" style=\"padding-top:0.05px;padding-bottom:0.05px;\" id=\"wpv-column-7fe23a1347c7b7fe79b03c0430db40ba\" ><div class=\"row has-price\"><div class=\"wpv-grid grid-1-1  first unextended no-extended-padding\" style=\"padding-top:0.05px;padding-bottom:0.05px;\" id=\"wpv-column-43a1497667c03d954b689fd07e2e3726\" ><div class=\"price-outer-wrapper\">\n\t<div class=\"price-wrapper \">\n\t\t<h3 class=\"price-title\"><\/h3>\n\t\t<div class=\"price\" style=\"text-align:justify\">\n\t\t\t<div class=\"value-box\">\n\t\t\t\t<div class=\"value-box-content\">\n\t\t\t\t\t<span class=\"value\">\n\t\t\t\t\t\t<i><\/i><span class=\"number\">REFERENCIE<\/span>\n\t\t\t\t\t<\/span>\n\t\t\t\t\t<span class=\"meta invisible\"><\/span>\n\t\t\t\t<\/div>\n\t\t\t<\/div>\n\n\t\t\t<div class=\"content-box\">\n\t\t\t\t\nRadov\u00e1 v\u00fdstavba R.D. Opoj: elektroin\u0161tal\u00e1cia<br \/>\nBytov\u00e9 domy Green vilage Dunajsk\u00e1 Lu\u017en\u00e1: elektroin\u0161tal\u00e1cia<br \/>\nRadov\u00e1 v\u00fdstavba R.D. Trnava-pekn\u00e9 pole: elektroin\u0161tal\u00e1cia<br \/>\nRadov\u00e1 v\u00fdstavba R.D. \u0160pa\u010dince: elektroin\u0161tal\u00e1cia<br \/>\nBytov\u00e9 domy Harm\u00f3nia Nitra: elektroin\u0161tal\u00e1cia<br \/>\nOD Takko Fashion Sere\u010f: \u00faprava svetelnej elektroin\u0161tal\u00e1cie<br \/>\nBytov\u00fd dom Halen\u00e1rska Trnava: elektroin\u0161tal\u00e1cia<br \/>\nRodinn\u00e9 domy ul.Wiliama Schiffera Trnava: elektroin\u0161tal\u00e1cia<br \/>\nRodinn\u00fd dom Doln\u00e1 Streda: komplet\u00e1\u017e elektroin\u0161tal\u00e1cia<br \/>\nRodinn\u00fd dom ul.Severn\u00e1 Sere\u010f: elektroin\u0161tal\u00e1cia<br \/>\nBytovka ul.Hornomajersk\u00e1 Sere\u010f: komplet\u00e1\u017e elektroin\u0161tal\u00e1cie<br \/>\nRodinn\u00fd dom ul.8 m\u00e1ja Sere\u010f: elektroin\u0161tal\u00e1cia<br \/>\nRodinn\u00fd dom ul. Adama \u0160trek\u00e1ra Trnava: elektroin\u0161tal\u00e1cia<br \/>\nBytov\u00e9 domy Greenvia Z\u00e1horsk\u00e1 Bystrica: kompelt\u00e1\u017e elektroin\u0161tal\u00e1cie<br \/>\nBytov\u00fd dom ul.Rab\u010dekova Jan\u00edkovce: elektroin\u0161tal\u00e1cia<br \/>\nChata v Pie\u0161\u0165anoch: elektroin\u0161tal\u00e1cia<br \/>\nBytov\u00fd dom ul.R\u00e1zusova Nitra: elektroin\u0161tal\u00e1cia<br \/>\nPrer\u00e1bka bytov\u00e9 jadro ul.Slne\u010dn\u00e1 \u0160a\u013ea<br \/>\nPrer\u00e1bka bytov\u00e9 jadro ul.F.Kr\u00e1la \u0160a\u013ea<br \/>\nPrer\u00e1bka bytov\u00e9 jadro ul.Budova\u0165elsk\u00e1 \u0160a\u013ea<br \/>\nV\u00fdstavba R.D. Trnovec nad V\u00e1hom<br \/>\nR.D. Kr\u00e1\u013eov\u00e1 nad V\u00e1hom: stavebn\u00e9 pr\u00e1ce,elektroin\u0161tal\u00e1cia<br \/>\nR.D. Most pri Bratislave: zateplenie<br \/>\nR.D. Nov\u00e1 Dedinka: obklad<br \/>\nR.D. Iv\u00e1nka pri Dunaji: stavebn\u00e9 pr\u00e1ce<br \/>\nByt Ve\u013ek\u00fd Meder ul.Ru\u017eov\u00e1: stavebn\u00e9 pr\u00e1ce<br \/>\nR.D. \u017dih\u00e1rec: stavebn\u00e9 pr\u00e1ce<br \/>\nR.D. Neded: stavebn\u00e9 pr\u00e1ce<br \/>\nBytovka ul.Koll\u00e1rova Senec: obklad<br \/>\nBytovka ul.E.F.Scherrera Pie\u0161\u0165any: renov\u00e1cia balk\u00f3nov<br \/>\nBytovka ul.Farsk\u00e9ho Bratislava: renov\u00e1cia balk\u00f3nov<br \/>\nBytovka ul.J.G.Tajovsk\u00e9ho Trnava: renov\u00e1cia balk\u00f3nov<br \/>\nR.D. Kov\u00e1\u013eov: zateplenie<br \/>\nR.D.\u0160tefanov: zateplenie<br \/>\nZ\u00e1kladn\u00e1 \u0161kola ul. Kupeck\u00e9ho Pezinok: zateplenie<br \/>\nKotol\u0148a ul.Lietavsk\u00e1 Bratislava: zateplenie<br \/>\nKotol\u0148a ul.Vy\u0161ehradsk\u00e1 Bratislava: zateplenie<br \/>\nA in\u00e9&#8230;<br \/>\n\t\t\t<\/div>\n\t\t\t<div class=\"meta-box\">\n\t\t\t\t\t\t\t\t<a href=\"https:\/\/aplt.sk\/index.php\/aplt-kontakty\/\" class=\"vamtam-button accent1  button-border hover-accent1 \"><span class=\"btext\" data-text=\"KONTAKTOVA\u0164\">KONTAKTOVA\u0164<\/span><\/a>\t\t\t<\/div>\n\t\t<\/div>\n\t<\/div>\n<\/div><\/div><\/div><\/div><\/div><\/div>\n","protected":false},"excerpt":{"rendered":"","protected":false},"author":1,"featured_media":0,"parent":0,"menu_order":0,"comment_status":"closed","ping_status":"open","template":"","meta":{"ngg_post_thumbnail":0},"_links":{"self":[{"href":"https:\/\/www.aplt.sk\/index.php\/wp-json\/wp\/v2\/pages\/12003"}],"collection":[{"href":"https:\/\/www.aplt.sk\/index.php\/wp-json\/wp\/v2\/pages"}],"about":[{"href":"https:\/\/www.aplt.sk\/index.php\/wp-json\/wp\/v2\/types\/page"}],"author":[{"embeddable":true,"href":"https:\/\/www.aplt.sk\/index.php\/wp-json\/wp\/v2\/users\/1"}],"replies":[{"embeddable":true,"href":"https:\/\/www.aplt.sk\/index.php\/wp-json\/wp\/v2\/comments?post=12003"}],"version-history":[{"count":10,"href":"https:\/\/www.aplt.sk\/index.php\/wp-json\/wp\/v2\/pages\/12003\/revisions"}],"predecessor-version":[{"id":12444,"href":"https:\/\/www.aplt.sk\/index.php\/wp-json\/wp\/v2\/pages\/12003\/revisions\/12444"}],"wp:attachment":[{"href":"https:\/\/www.aplt.sk\/index.php\/wp-json\/wp\/v2\/media?parent=12003"}],"curies":[{"name":"wp","href":"https:\/\/api.w.org\/{rel}","templated":true}]}}