{"id":12598,"date":"2020-07-01T08:40:11","date_gmt":"2020-07-01T06:40:11","guid":{"rendered":"https:\/\/www.aplt.sk\/?page_id=12598"},"modified":"2020-07-01T09:25:16","modified_gmt":"2020-07-01T07:25:16","slug":"prenajom-vozidla","status":"publish","type":"page","link":"https:\/\/www.aplt.sk\/index.php\/prenajom-vozidla\/","title":{"rendered":"Objedn\u00e1vka &#8211; pren\u00e1jom vozidla"},"content":{"rendered":"<div class=\"limit-wrapper\"><div class=\"row \"><div class=\"wpv-grid grid-1-1  wpv-first-level first unextended no-extended-padding\" style=\"padding-top:0.05px;padding-bottom:0.05px;\" id=\"wpv-column-ebe1c5890a3d3cf0e7666b3e00d29e86\" >\t\t<div class=\"sep-text single centered\">\n\t\t\t\t\t\t\t<span class=\"sep-text-before\"><div class=\"sep-text-line\"><\/div><\/span>\n\t\t\t\t\t\t<div class=\"content\">\n\t\t\t\t<h2 class=\"regular-title-wrapper\">\t\t\t\t\tObjen\u00e1vka - pren\u00e1jom vozidla\t\t\t\t<\/h2>\t\t\t<\/div>\n\t\t\t<span class=\"sep-text-after\"><div class=\"sep-text-line\"><\/div><\/span>\n\t\t\t\t\t<\/div>\n\t<p><div role=\"form\" class=\"wpcf7\" id=\"wpcf7-f10-o1\" lang=\"en-US\" dir=\"ltr\">\n<div class=\"screen-reader-response\"><\/div>\n<form action=\"\/index.php\/wp-json\/wp\/v2\/pages\/12598#wpcf7-f10-o1\" method=\"post\" class=\"wpcf7-form\" novalidate=\"novalidate\">\n<div style=\"display: none;\">\n<input type=\"hidden\" name=\"_wpcf7\" value=\"10\" \/>\n<input type=\"hidden\" name=\"_wpcf7_version\" value=\"5.1.1\" \/>\n<input type=\"hidden\" name=\"_wpcf7_locale\" value=\"en_US\" \/>\n<input type=\"hidden\" name=\"_wpcf7_unit_tag\" value=\"wpcf7-f10-o1\" \/>\n<input type=\"hidden\" name=\"_wpcf7_container_post\" value=\"0\" \/>\n<input type=\"hidden\" name=\"g-recaptcha-response\" value=\"\" \/>\n<\/div>\n<p><label> Predmet (povinn\u00fd \u00fadaj)<br \/>\n    <span class=\"wpcf7-form-control-wrap menu-239\"><select name=\"menu-239\" class=\"wpcf7-form-control wpcf7-select wpcf7-validates-as-required\" aria-required=\"true\" aria-invalid=\"false\"><option value=\"Pren\u00e1jom\">Pren\u00e1jom<\/option><option value=\"Preprava\">Preprava<\/option><option value=\"S\u0165ahovanie\">S\u0165ahovanie<\/option><\/select><\/span><\/p>\n<p><label> Meno \/ Spolo\u010dnos\u0165 (povinn\u00fd \u00fadaj)<br \/>\n    <span class=\"wpcf7-form-control-wrap your-name\"><input type=\"text\" name=\"your-name\" value=\"\" size=\"40\" class=\"wpcf7-form-control wpcf7-text wpcf7-validates-as-required\" aria-required=\"true\" aria-invalid=\"false\" \/><\/span> <\/label><\/p>\n<p><label> V\u00e1\u0161 e-mail (povinn\u00fd \u00fadaj)<br \/>\n    <span class=\"wpcf7-form-control-wrap your-email\"><input type=\"email\" name=\"your-email\" value=\"\" size=\"40\" class=\"wpcf7-form-control wpcf7-text wpcf7-email wpcf7-validates-as-required wpcf7-validates-as-email\" aria-required=\"true\" aria-invalid=\"false\" \/><\/span> <\/label><\/p>\n<p><label> Va\u0161e \u010d\u00edslo (povinn\u00fd \u00fadaj)<br \/>\n    <span class=\"wpcf7-form-control-wrap tel-890\"><input type=\"tel\" name=\"tel-890\" value=\"\" size=\"40\" class=\"wpcf7-form-control wpcf7-text wpcf7-tel wpcf7-validates-as-required wpcf7-validates-as-tel\" aria-required=\"true\" aria-invalid=\"false\" \/><\/span> <\/label><\/p>\n<p><label> Od (povinn\u00fd \u00fadaj)<br \/>\n    <span class=\"wpcf7-form-control-wrap date-965\"><input type=\"date\" name=\"date-965\" value=\"\" class=\"wpcf7-form-control wpcf7-date wpcf7-validates-as-date\" aria-invalid=\"false\" \/><\/span><\/p>\n<p><label> Do (povinn\u00fd \u00fadaj)<br \/>\n    <span class=\"wpcf7-form-control-wrap date-199\"><input type=\"date\" name=\"date-199\" value=\"\" class=\"wpcf7-form-control wpcf7-date wpcf7-validates-as-date\" aria-invalid=\"false\" \/><\/span><\/p>\n<p><label> \u010cas vyzdvihnutia (povinn\u00fd \u00fadaj)<br \/>\n<span class=\"wpcf7-form-control-wrap menu-751\"><select name=\"menu-751\" class=\"wpcf7-form-control wpcf7-select wpcf7-validates-as-required\" aria-required=\"true\" aria-invalid=\"false\"><option value=\"8:00\">8:00<\/option><option value=\"8:15\">8:15<\/option><option value=\"8:30\">8:30<\/option><option value=\"8:45\">8:45<\/option><option value=\"9:00\">9:00<\/option><option value=\"9:15\">9:15<\/option><option value=\"9:30\">9:30<\/option><option value=\"9:45\">9:45<\/option><option value=\"10:00\">10:00<\/option><option value=\"10:15\">10:15<\/option><option value=\"10:30\">10:30<\/option><option value=\"10:45\">10:45<\/option><option value=\"11:00\">11:00<\/option><option value=\"11:15\">11:15<\/option><option value=\"11:30\">11:30<\/option><option value=\"11:45\">11:45<\/option><option value=\"12:00\">12:00<\/option><option value=\"12:15\">12:15<\/option><option value=\"12:30\">12:30<\/option><option value=\"12:45\">12:45<\/option><option value=\"13:00\">13:00<\/option><option value=\"13:15\">13:15<\/option><option value=\"13:30\">13:30<\/option><option value=\"13:45\">13:45<\/option><option value=\"14:00\">14:00<\/option><option value=\"14:15\">14:15<\/option><option value=\"14:30\">14:30<\/option><option value=\"14:45\">14:45<\/option><option value=\"15:00\">15:00<\/option><option value=\"15:15\">15:15<\/option><option value=\"15:10\">15:10<\/option><option value=\"15:45\">15:45<\/option><option value=\"16:00\">16:00<\/option><option value=\"16:15\">16:15<\/option><option value=\"16:30\">16:30<\/option><option value=\"16:45\">16:45<\/option><option value=\"17:00\">17:00<\/option><option value=\"17:15\">17:15<\/option><option value=\"17:30\">17:30<\/option><option value=\"17:45\">17:45<\/option><option value=\"18:00\">18:00<\/option><\/select><\/span><\/p>\n<p><label> Trvanie pren\u00e1jmu (povinn\u00fd \u00fadaj)<br \/>\n    <span class=\"wpcf7-form-control-wrap checkbox-822\"><span class=\"wpcf7-form-control wpcf7-checkbox wpcf7-validates-as-required\"><span class=\"wpcf7-list-item first\"><input type=\"checkbox\" name=\"checkbox-822[]\" value=\"4 hodiny\" \/><span class=\"wpcf7-list-item-label\">4 hodiny<\/span><\/span><span class=\"wpcf7-list-item\"><input type=\"checkbox\" name=\"checkbox-822[]\" value=\"8 hod\u00edn\" \/><span class=\"wpcf7-list-item-label\">8 hod\u00edn<\/span><\/span><span class=\"wpcf7-list-item last\"><input type=\"checkbox\" name=\"checkbox-822[]\" value=\"24 hod\u00edn\" \/><span class=\"wpcf7-list-item-label\">24 hod\u00edn<\/span><\/span><\/span><\/span><\/p>\n<p><label> Va\u0161a adresa (povinn\u00fd \u00fadaj)<br \/>\n    <span class=\"wpcf7-form-control-wrap text-811\"><input type=\"text\" name=\"text-811\" value=\"\" size=\"40\" class=\"wpcf7-form-control wpcf7-text wpcf7-validates-as-required\" aria-required=\"true\" aria-invalid=\"false\" \/><\/span><\/p>\n<p><label> Spr\u00e1va pre n\u00e1s<br \/>\n    <span class=\"wpcf7-form-control-wrap your-message\"><textarea name=\"your-message\" cols=\"40\" rows=\"10\" class=\"wpcf7-form-control wpcf7-textarea\" aria-invalid=\"false\"><\/textarea><\/span> <\/label><\/p>\n<p><span class=\"wpcf7-form-control-wrap acceptance-702\"><span class=\"wpcf7-form-control wpcf7-acceptance\"><span class=\"wpcf7-list-item\"><input type=\"checkbox\" name=\"acceptance-702\" value=\"1\" aria-invalid=\"false\" \/><\/span><\/span><\/span> S\u00fahlas\u00edm so spracovan\u00edm mojich osobn\u00fdch \u00fadajov. Objedn\u00e1vka s povinnos\u0165ou platby.<\/p>\n<p><input type=\"submit\" value=\"Odosla\u0165\" class=\"wpcf7-form-control wpcf7-submit\" \/><\/p>\n<p style=\"display: none !important;\"><label>&#916;<textarea name=\"_wpcf7_ak_hp_textarea\" cols=\"45\" rows=\"8\" maxlength=\"100\"><\/textarea><\/label><input type=\"hidden\" id=\"ak_js_1\" name=\"_wpcf7_ak_js\" value=\"37\"\/><script>document.getElementById( \"ak_js_1\" ).setAttribute( \"value\", ( new Date() ).getTime() );<\/script><\/p><div class=\"wpcf7-response-output wpcf7-display-none\"><\/div><\/form><\/div><\/div><\/div><\/div>\n<div class=\"limit-wrapper\"><div class=\"row \"><div class=\"wpv-grid grid-1-1  wpv-first-level first unextended no-extended-padding\" style=\"padding-top:0.05px;padding-bottom:0.05px;\" id=\"wpv-column-6ec06871b9fc1b56e6c1bdfcc13c82c8\" ><p><a href=\"https:\/\/www.aplt.sk\/index.php\/vseobecne-obchodne-podmioenky-pre-prenajom-vozidla\/\">V\u0161eobecn\u00e9 obchodn\u00e9 podmienky pre pren\u00e1jom vozidla za \u00fahradu.<\/a><\/div><\/div><\/div>\n<div class=\"push \" style=\"height:30px\"><\/div>\n","protected":false},"excerpt":{"rendered":"<p>V\u0161eobecn\u00e9 obchodn\u00e9 podmienky pre pren\u00e1jom vozidla za \u00fahradu.<\/p>\n","protected":false},"author":1,"featured_media":0,"parent":0,"menu_order":3,"comment_status":"closed","ping_status":"closed","template":"","meta":{"ngg_post_thumbnail":0},"_links":{"self":[{"href":"https:\/\/www.aplt.sk\/index.php\/wp-json\/wp\/v2\/pages\/12598"}],"collection":[{"href":"https:\/\/www.aplt.sk\/index.php\/wp-json\/wp\/v2\/pages"}],"about":[{"href":"https:\/\/www.aplt.sk\/index.php\/wp-json\/wp\/v2\/types\/page"}],"author":[{"embeddable":true,"href":"https:\/\/www.aplt.sk\/index.php\/wp-json\/wp\/v2\/users\/1"}],"replies":[{"embeddable":true,"href":"https:\/\/www.aplt.sk\/index.php\/wp-json\/wp\/v2\/comments?post=12598"}],"version-history":[{"count":6,"href":"https:\/\/www.aplt.sk\/index.php\/wp-json\/wp\/v2\/pages\/12598\/revisions"}],"predecessor-version":[{"id":12611,"href":"https:\/\/www.aplt.sk\/index.php\/wp-json\/wp\/v2\/pages\/12598\/revisions\/12611"}],"wp:attachment":[{"href":"https:\/\/www.aplt.sk\/index.php\/wp-json\/wp\/v2\/media?parent=12598"}],"curies":[{"name":"wp","href":"https:\/\/api.w.org\/{rel}","templated":true}]}}