{"id":31,"date":"2013-03-22T14:19:51","date_gmt":"2013-03-22T14:19:51","guid":{"rendered":"https:\/\/construction.vamtam.com\/?page_id=31"},"modified":"2020-07-01T09:41:02","modified_gmt":"2020-07-01T07:41:02","slug":"aplt-kontakty","status":"publish","type":"page","link":"https:\/\/www.aplt.sk\/index.php\/aplt-kontakty\/","title":{"rendered":"KONTAKTY"},"content":{"rendered":"<div class=\"limit-wrapper\"><div class=\"row \"><div class=\"wpv-grid grid-1-1  wpv-first-level first unextended has-extended-padding\" style=\"padding-top:0.05px;padding-bottom:0.05px;\" id=\"wpv-column-05aa12646409cae8d931f795b63a4705\" ><h2 class='column-title'>APLT s.r.o.<\/h2><div class=\"row \"><div class=\"wpv-grid grid-1-4  first unextended animation-fade-in animated-active no-extended-padding\" style=\"padding-top:0.05px;padding-bottom:0.05px;\" id=\"wpv-column-e07722c392a171a9ed2e386f6b5cdb4d\" ><p style=\"text-align: center;\"><span class='icon shortcode theme  use-hover' style='color:#9aed00;font-size:32px !important;'>&#57471;<\/span>\n<p style=\"text-align: center;\">Priama linka<\/p>\n<p style=\"text-align: center;\"><strong>0948 537 599<\/strong><\/p>\n<p style=\"text-align: center;\">E-mail<\/p>\n<p style=\"text-align: center;\"><a href=\"mailto:aplt@aplt.sk\"><strong>aplt@aplt.sk<\/strong><\/a><\/div>\n<div class=\"wpv-grid grid-1-3  unextended animation-fade-in animated-active no-extended-padding\" style=\"padding-top:0.05px;padding-bottom:0.05px;\" id=\"wpv-column-271965343634b1870fbf9e8789daac97\" ><p style=\"text-align: center;\"><span class='icon shortcode theme  use-hover' style='color:#9aed00;font-size:32px !important;'>&#57547;<\/span>\n<p style=\"text-align: center;\">&nbsp;&nbsp;&nbsp; S\u00eddlo spolo\u010dnosti&nbsp;&nbsp;&nbsp;&nbsp;&nbsp;&nbsp;&nbsp;&nbsp;&nbsp;&nbsp;&nbsp; &nbsp; &nbsp; &nbsp;&nbsp; &nbsp; Faktura\u010dn\u00e9 \u00fadaje<\/p>\n<p style=\"text-align: center;\">&nbsp;&nbsp;<strong> &nbsp;&nbsp; &nbsp; &nbsp; APLT s.r.o &nbsp;&nbsp;&nbsp;&nbsp;&nbsp;&nbsp;&nbsp;&nbsp;&nbsp;&nbsp;&nbsp;&nbsp;&nbsp;<\/strong>&nbsp;&nbsp;&nbsp;&nbsp;&nbsp;&nbsp;&nbsp;&nbsp;&nbsp; &nbsp; I\u010cO: 53 020 693<strong><br \/>\n<\/strong><\/p>\n<p style=\"text-align: center;\">&nbsp;&nbsp;&nbsp; Holl\u00e9ho 1845\/22&nbsp;&nbsp;&nbsp;&nbsp;&nbsp;&nbsp;&nbsp;&nbsp;&nbsp;&nbsp;&nbsp;&nbsp;&nbsp;&nbsp;&nbsp; &nbsp; &nbsp; DI\u010c: 2121224556<\/p>\n<p style=\"text-align: left;\">&nbsp;&nbsp;&nbsp;&nbsp;&nbsp;&nbsp;&nbsp;&nbsp;&nbsp;&nbsp; \u0160a\u013ea&nbsp; 927 05<\/p>\n<table class=\"banka-www-table table\" cellspacing=\"0\" cellpadding=\"2\" border=\"0\">\n<tbody>\n<tr>\n<th style=\"text-align: center;\">&nbsp;<\/th>\n<td>\n<table class=\"banka-www-table table\" cellspacing=\"0\" cellpadding=\"2\" border=\"0\">\n<tbody>\n<tr>\n<th style=\"text-align: center;\">&nbsp;<\/th>\n<td style=\"text-align: left;\">&nbsp;<\/td>\n<\/tr>\n<\/tbody>\n<\/table>\n<\/td>\n<\/tr>\n<\/tbody>\n<\/table>\n<p style=\"text-align: center;\">&nbsp;<\/div>\n<div class=\"wpv-grid grid-2-5  unextended animation-fade-in animated-active no-extended-padding\" style=\"padding-top:0.05px;padding-bottom:0.05px;\" id=\"wpv-column-4495fa97e5ea14625e51f57411e0aca5\" ><p style=\"text-align: center;\"><span class='icon shortcode theme  use-hover' style='color:#9aed00;font-size:32px !important;'>&#57547;<\/span>\n<p style=\"text-align: center;\">Bankov\u00e9 spojenie<\/p>\n<p style=\"text-align: center;\">IBAN: SK25 0900 0000 0051 6948 9326<\/p>\n<p style=\"text-align: center;\">SWIFT: GIBASKBX<\/p>\n<table class=\"banka-www-table table\" cellspacing=\"0\" cellpadding=\"2\" border=\"0\">\n<tbody>\n<tr>\n<th style=\"text-align: center;\">&nbsp;<\/th>\n<td>\n<table class=\"banka-www-table table\" style=\"height: 5px;\" width=\"5\" cellspacing=\"0\" cellpadding=\"2\" border=\"0\">\n<tbody>\n<tr>\n<th style=\"text-align: center;\">&nbsp;<\/th>\n<td style=\"text-align: left;\">&nbsp;<\/td>\n<\/tr>\n<\/tbody>\n<\/table>\n<\/td>\n<\/tr>\n<\/tbody>\n<\/table><\/div><\/div>\n<div class=\"push \" style=\"margin-bottom:-40px\"><\/div>\n<div class=\"sep-3\"><\/div>\n<div class=\"row \"><div class=\"wpv-grid grid-1-1  first unextended animation-zoom-in animated-active has-extended-padding\" style=\"padding-top:0.05px;padding-bottom:0.05px;\" id=\"wpv-column-24c0aaac05afa43dc5cc69a9924d2c9f\" ><\/div><\/div><\/div><\/div><\/div>\n<div class=\"row \"><div class=\"wpv-grid grid-1-1  wpv-first-level first has-background extended has-extended-padding\" style=\"background-color:#f5f5f5;padding-top:60px;padding-bottom:40px;\" id=\"wpv-column-884301c66f8187fbccc2a5a6ed8b842b\" ><div class=\"limit-wrapper\"><div class=\"extended-column-inner\"><style>#wpv-column-884301c66f8187fbccc2a5a6ed8b842b p,#wpv-column-884301c66f8187fbccc2a5a6ed8b842b em,#wpv-column-884301c66f8187fbccc2a5a6ed8b842b h1,#wpv-column-884301c66f8187fbccc2a5a6ed8b842b h2,#wpv-column-884301c66f8187fbccc2a5a6ed8b842b h3,#wpv-column-884301c66f8187fbccc2a5a6ed8b842b h4,#wpv-column-884301c66f8187fbccc2a5a6ed8b842b h5,#wpv-column-884301c66f8187fbccc2a5a6ed8b842b h6,#wpv-column-884301c66f8187fbccc2a5a6ed8b842b .column-title,#wpv-column-884301c66f8187fbccc2a5a6ed8b842b .sep-text h2.regular-title-wrapper,#wpv-column-884301c66f8187fbccc2a5a6ed8b842b .text-divider-double,#wpv-column-884301c66f8187fbccc2a5a6ed8b842b .sep-text .sep-text-line,#wpv-column-884301c66f8187fbccc2a5a6ed8b842b .sep,#wpv-column-884301c66f8187fbccc2a5a6ed8b842b .sep-2,#wpv-column-884301c66f8187fbccc2a5a6ed8b842b .sep-3,#wpv-column-884301c66f8187fbccc2a5a6ed8b842b td,#wpv-column-884301c66f8187fbccc2a5a6ed8b842b th,#wpv-column-884301c66f8187fbccc2a5a6ed8b842b caption{color:#767676;}#wpv-column-884301c66f8187fbccc2a5a6ed8b842b:before{background-color:transparent;}<\/style><div class=\"row \"><div class=\"wpv-grid grid-1-1  first unextended animation-zoom-in animated-active no-extended-padding\" style=\"padding-top:0.05px;padding-bottom:0.05px;\" id=\"wpv-column-6a32fac0377e84286446e1dd18b0c201\" ><p style=\"text-align: center;\"><strong>NAP\u00cd\u0160TE N\u00c1M E-MAIL<\/strong><\/p>\n<h2 style=\"text-align: center;\"><a href=\"mailto:aplt@aplt.sk\"> <span class='icon shortcode theme  use-hover' style='font-size:69px !important;'>&#57353;<\/span><\/a><\/h2>\n<h2 style=\"text-align: center;\"><a href=\"mailto:aplt@aplt.sk\">aplt@aplt.sk<\/a><\/h2><\/div><\/div><\/div><\/div><\/div><\/div>\n","protected":false},"excerpt":{"rendered":"<p>Priama linka 0948 537 599 E-mail aplt@aplt.sk &nbsp;&nbsp;&nbsp; S\u00eddlo spolo\u010dnosti&nbsp;&nbsp;&nbsp;&nbsp;&nbsp;&nbsp;&nbsp;&nbsp;&nbsp;&nbsp;&nbsp; &nbsp; &nbsp; &nbsp;&nbsp; &nbsp; Faktura\u010dn\u00e9 \u00fadaje &nbsp;&nbsp; &nbsp;&nbsp; &nbsp; &nbsp; APLT s.r.o &nbsp;&nbsp;&nbsp;&nbsp;&nbsp;&nbsp;&nbsp;&nbsp;&nbsp;&nbsp;&nbsp;&nbsp;&nbsp;&nbsp;&nbsp;&nbsp;&nbsp;&nbsp;&nbsp;&nbsp;&nbsp;&nbsp; &nbsp; I\u010cO: 53 020 693 &nbsp;&nbsp;&nbsp; Holl\u00e9ho 1845\/22&nbsp;&nbsp;&nbsp;&nbsp;&nbsp;&nbsp;&nbsp;&nbsp;&nbsp;&nbsp;&nbsp;&nbsp;&nbsp;&nbsp;&nbsp; &nbsp; &nbsp; DI\u010c: 2121224556 &nbsp;&nbsp;&nbsp;&nbsp;&nbsp;&nbsp;&nbsp;&nbsp;&nbsp;&nbsp; \u0160a\u013ea&nbsp; 927 05 &nbsp; &nbsp; &nbsp; &nbsp; Bankov\u00e9 spojenie IBAN: SK25 0900 0000 0051 6948 9326 SWIFT: GIBASKBX &nbsp;&#8230;<\/p>\n","protected":false},"author":1,"featured_media":0,"parent":0,"menu_order":3,"comment_status":"closed","ping_status":"closed","template":"","meta":{"ngg_post_thumbnail":0},"_links":{"self":[{"href":"https:\/\/www.aplt.sk\/index.php\/wp-json\/wp\/v2\/pages\/31"}],"collection":[{"href":"https:\/\/www.aplt.sk\/index.php\/wp-json\/wp\/v2\/pages"}],"about":[{"href":"https:\/\/www.aplt.sk\/index.php\/wp-json\/wp\/v2\/types\/page"}],"author":[{"embeddable":true,"href":"https:\/\/www.aplt.sk\/index.php\/wp-json\/wp\/v2\/users\/1"}],"replies":[{"embeddable":true,"href":"https:\/\/www.aplt.sk\/index.php\/wp-json\/wp\/v2\/comments?post=31"}],"version-history":[{"count":48,"href":"https:\/\/www.aplt.sk\/index.php\/wp-json\/wp\/v2\/pages\/31\/revisions"}],"predecessor-version":[{"id":12557,"href":"https:\/\/www.aplt.sk\/index.php\/wp-json\/wp\/v2\/pages\/31\/revisions\/12557"}],"wp:attachment":[{"href":"https:\/\/www.aplt.sk\/index.php\/wp-json\/wp\/v2\/media?parent=31"}],"curies":[{"name":"wp","href":"https:\/\/api.w.org\/{rel}","templated":true}]}}